{"id":720,"date":"2024-02-27T21:01:58","date_gmt":"2024-02-27T21:01:58","guid":{"rendered":"https:\/\/loadex.lt\/pradzia\/"},"modified":"2026-02-26T19:15:50","modified_gmt":"2026-02-26T19:15:50","slug":"pradzia","status":"publish","type":"page","link":"https:\/\/loadex.lt\/de\/","title":{"rendered":"Heim"},"content":{"rendered":"<div class=\"wpb-content-wrapper\"><p>[vc_row full_width=&#8220;stretch_row&#8220; full_height=&#8220;yes&#8220; bg_type=&#8220;image&#8220; parallax_style=&#8220;vcpb-vz-jquery&#8220; bg_image_new=&#8220;id^550|url^https:\/\/loadex.lt\/wp-content\/uploads\/2025\/07\/Fonas_01.png|caption^null|alt^null|title^Fonas_01|description^null&#8220; bg_image_repeat=&#8220;no-repeat&#8220; parallax_content=&#8220;parallax_content_value&#8220; parallax_content_sense=&#8220;20&#8243; fadeout_row=&#8220;fadeout_row_value&#8220; fadeout_start_effect=&#8220;70&#8243; css=&#8220;.vc_custom_1753013502841{margin-top: -70px !important;}&#8220; el_class=&#8220;hero&#8220;][vc_column width=&#8220;1\/12&#8243;][\/vc_column][vc_column width=&#8220;10\/12&#8243;][vc_custom_heading text=&#8220;Internationaler G\u00fcterverkehr&#8220; font_container=&#8220;tag:h1|text_align:center|color:%23ffffff&#8220; use_theme_fonts=&#8220;yes&#8220; css=&#8220;.vc_custom_1755693041779{margin-top: -100px !important;padding-bottom: 30px !important;}&#8220;][vc_row_inner][vc_column_inner width=&#8220;1\/6&#8243;][\/vc_column_inner][vc_column_inner width=&#8220;2\/3&#8243;][vc_column_text css=&#8220;&#8220; el_class=&#8220;white&#8220;]<\/p>\n<p style=\"text-align: center;\">Transparenz in den Prozessen, innovative Technik und h\u00f6chste Qualit\u00e4tsstandards.<\/p>\n<p>[\/vc_column_text][\/vc_column_inner][vc_column_inner width=&#8220;1\/6&#8243;][\/vc_column_inner][\/vc_row_inner][\/vc_column][vc_column width=&#8220;1\/12&#8243;][\/vc_column][\/vc_row][vc_row gap=&#8220;25&#8243; equal_height=&#8220;yes&#8220; content_placement=&#8220;middle&#8220; css_animation=&#8220;none&#8220; css=&#8220;.vc_custom_1709244341455{margin-top: -120px !important;}&#8220; el_class=&#8220;hero-mobile&#8220;][vc_column width=&#8220;2\/3&#8243; css=&#8220;.vc_custom_1709244265607{padding-top: 0px !important;padding-right: 0px !important;padding-left: 0px !important;}&#8220;][vc_single_image image=&#8220;676&#8243; img_size=&#8220;full&#8220; alignment=&#8220;center&#8220; css=&#8220;.vc_custom_1754913685707{margin-bottom: 0px !important;}&#8220; el_class=&#8220;round&#8220;][\/vc_column][vc_column width=&#8220;1\/3&#8243; css=&#8220;.vc_custom_1753013513780{background-color: #FDB71A !important;border-radius: 20px !important;}&#8220;][vc_custom_heading text=&#8220;40+&#8220; font_container=&#8220;tag:p|font_size:70|text_align:center|color:%23ffffff|line_height:0.6&#8243; use_theme_fonts=&#8220;yes&#8220; css=&#8220;&#8220; el_class=&#8220;numbers&#8220;][vc_column_text css=&#8220;&#8220; el_class=&#8220;white&#8220;]<\/p>\n<p style=\"text-align: center;\">moderne Mercedes-Benz-Sattelzugmaschinen<\/p>\n<p>[\/vc_column_text][vc_custom_heading text=&#8220;40+&#8220; font_container=&#8220;tag:p|font_size:70|text_align:center|color:%23ffffff|line_height:0.6&#8243; use_theme_fonts=&#8220;yes&#8220; css=&#8220;.vc_custom_1753784643284{padding-top: 30px !important;}&#8220; el_class=&#8220;numbers&#8220;][vc_column_text css=&#8220;&#8220; el_class=&#8220;white&#8220;]<\/p>\n<p style=\"text-align: center;\">Schmitz Cargobull-Sattelauflieger<\/p>\n<p>[\/vc_column_text][vc_custom_heading text=&#8220;15+&#8220; font_container=&#8220;tag:p|font_size:70|text_align:center|color:%23ffffff|line_height:0.6&#8243; use_theme_fonts=&#8220;yes&#8220; css=&#8220;.vc_custom_1753784519112{padding-top: 30px !important;}&#8220; el_class=&#8220;numbers&#8220;][vc_column_text css=&#8220;&#8220; el_class=&#8220;white&#8220;]<\/p>\n<p style=\"text-align: center;\">Jahre Erfahrung<\/p>\n<p>[\/vc_column_text][\/vc_column][\/vc_row][vc_row full_width=&#8220;stretch_row&#8220; gap=&#8220;10&#8243; equal_height=&#8220;yes&#8220; content_placement=&#8220;middle&#8220; css_animation=&#8220;fadeIn&#8220; css=&#8220;.vc_custom_1709160839210{margin-top: 100px !important;padding-top: 70px !important;padding-bottom: 100px !important;background-color: #f8f8f8 !important;}&#8220;][vc_column css_animation=&#8220;fadeInLeft&#8220; width=&#8220;1\/2&#8243;][vc_custom_heading text=&#8220;\u00dcber uns&#8220; use_theme_fonts=&#8220;yes&#8220; css=&#8220;.vc_custom_1755693103110{padding-bottom: 30px !important;}&#8220;][vc_column_text css=&#8220;.vc_custom_1755693110536{margin-bottom: 0px !important;}&#8220;]Das Logistikunternehmen \u201eLoadex UAB\u201c verf\u00fcgt \u00fcber mehr als 15 Jahre Erfahrung und ist auf internationalen G\u00fcterverkehr und Spedition in ganz Europa spezialisiert. Transparenz, innovative Technik und h\u00f6chste Qualit\u00e4tsstandards bilden die Grundlage unserer Gesch\u00e4ftst\u00e4tigkeit.<\/p>\n<p>Wir setzen in unserem Unternehmen die internationalen Normen ISO 9001 und ISO 14001 um, um einen nachhaltigen, verantwortungsbewussten und wettbewerbsf\u00e4higen Logistikservice zu gew\u00e4hrleisten.<\/p>\n<p>Die Tochtergesellschaft \u201eLoadex GmbH\u201c, die \u00fcber eine deutsche G\u00fcterkraftverkehrserlaubnis verf\u00fcgt, unterst\u00fctzt unsere Gesch\u00e4ftst\u00e4tigkeit.<\/p>\n<p>\u201eLoadex GmbH\u201c geh\u00f6rt zur \u201eHermes Asset Management\u201c Gruppe, deren Ressourcen und Erfahrung effiziente Logistikl\u00f6sungen gew\u00e4hrleisten.<br \/>\n[\/vc_column_text][\/vc_column][vc_column css_animation=&#8220;fadeInRight&#8220; width=&#8220;1\/2&#8243;][vc_single_image image=&#8220;673&#8243; img_size=&#8220;full&#8220; alignment=&#8220;center&#8220; css=&#8220;.vc_custom_1754913694118{margin-bottom: 0px !important;}&#8220; el_class=&#8220;round&#8220;][\/vc_column][\/vc_row][vc_row gap=&#8220;25&#8243; equal_height=&#8220;yes&#8220; content_placement=&#8220;middle&#8220; css_animation=&#8220;none&#8220; css=&#8220;.vc_custom_1709243147484{margin-top: 100px !important;}&#8220;][vc_column css_animation=&#8220;fadeInLeft&#8220; width=&#8220;1\/2&#8243; css=&#8220;.vc_custom_1709160871217{padding-top: 0px !important;padding-right: 0px !important;padding-left: 0px !important;}&#8220;][vc_single_image image=&#8220;681&#8243; img_size=&#8220;full&#8220; alignment=&#8220;center&#8220; css=&#8220;.vc_custom_1754913874873{margin-bottom: 0px !important;}&#8220; el_class=&#8220;round&#8220;][\/vc_column][vc_column css_animation=&#8220;fadeInRight&#8220; width=&#8220;1\/2&#8243; css=&#8220;.vc_custom_1753013522163{padding-right: 50px !important;padding-left: 50px !important;background-color: #FDB71A !important;border-radius: 20px !important;}&#8220;][vc_custom_heading text=&#8220;G\u00fcterverkehr&#8220; font_container=&#8220;tag:h3|text_align:left|color:%23ffffff&#8220; use_theme_fonts=&#8220;yes&#8220; css=&#8220;.vc_custom_1755693222721{padding-bottom: 30px !important;}&#8220;][vc_column_text css=&#8220;&#8220; el_class=&#8220;white&#8220;]Wir bieten Ihnen G\u00fcterverkehrsdienstleistungen in ganz Europa an.[\/vc_column_text][vc_column_text css=&#8220;.vc_custom_1755693133950{padding-top: 10px !important;}&#8220; el_class=&#8220;more-link&#8220;]<\/p>\n<div><a href=\"https:\/\/loadex.lt\/de\/gueterverkehr\/\"><span lang=\"DE\">Mehr Informationen<\/span><\/a><\/div>\n<p>[\/vc_column_text][\/vc_column][\/vc_row][vc_row gap=&#8220;25&#8243; equal_height=&#8220;yes&#8220; content_placement=&#8220;middle&#8220; css_animation=&#8220;none&#8220;][vc_column css_animation=&#8220;fadeInLeft&#8220; width=&#8220;1\/2&#8243; css=&#8220;.vc_custom_1753013528449{padding-right: 50px !important;padding-left: 50px !important;background-color: #FDB71A !important;border-radius: 20px !important;}&#8220;][vc_custom_heading text=&#8220;Spedition&#8220; font_container=&#8220;tag:h3|text_align:left|color:%23ffffff&#8220; use_theme_fonts=&#8220;yes&#8220; css=&#8220;.vc_custom_1755693255616{padding-bottom: 30px !important;}&#8220;][vc_column_text css=&#8220;&#8220; el_class=&#8220;white&#8220;]Wir organisieren den G\u00fcterverkehr durch zuverl\u00e4ssige Partner, sorgen f\u00fcr die Optimierung der Routen und k\u00fcmmern uns um den gesamten Logistikprozess von der Verladung bis zur Lieferung.[\/vc_column_text][vc_column_text css=&#8220;.vc_custom_1755693148648{padding-top: 10px !important;}&#8220; el_class=&#8220;more-link&#8220;]<a href=\"https:\/\/loadex.lt\/de\/spedition\/\">Mehr Informationen<\/a>[\/vc_column_text][\/vc_column][vc_column css_animation=&#8220;fadeInRight&#8220; width=&#8220;1\/2&#8243; css=&#8220;.vc_custom_1709160887108{padding-top: 0px !important;padding-right: 0px !important;padding-left: 0px !important;}&#8220;][vc_single_image image=&#8220;670&#8243; img_size=&#8220;full&#8220; alignment=&#8220;center&#8220; css=&#8220;.vc_custom_1754913731258{margin-bottom: 0px !important;}&#8220; el_class=&#8220;round&#8220;][\/vc_column][\/vc_row][vc_row gap=&#8220;25&#8243; equal_height=&#8220;yes&#8220; content_placement=&#8220;middle&#8220; css_animation=&#8220;none&#8220;][vc_column css_animation=&#8220;fadeInLeft&#8220; width=&#8220;1\/2&#8243; css=&#8220;.vc_custom_1709160871217{padding-top: 0px !important;padding-right: 0px !important;padding-left: 0px !important;}&#8220;][vc_single_image image=&#8220;368&#8243; img_size=&#8220;full&#8220; alignment=&#8220;center&#8220; css=&#8220;.vc_custom_1745319169178{margin-bottom: 0px !important;}&#8220; el_class=&#8220;round&#8220;][\/vc_column][vc_column css_animation=&#8220;fadeInRight&#8220; width=&#8220;1\/2&#8243; css=&#8220;.vc_custom_1753013534919{padding-right: 50px !important;padding-left: 50px !important;background-color: #FDB71A !important;border-radius: 20px !important;}&#8220;][vc_custom_heading text=&#8220;Reparaturwerkstatt&#8220; font_container=&#8220;tag:h3|text_align:left|color:%23ffffff&#8220; use_theme_fonts=&#8220;yes&#8220; css=&#8220;.vc_custom_1755693231229{padding-bottom: 30px !important;}&#8220;][vc_column_text css=&#8220;&#8220; el_class=&#8220;white&#8220;]Die Servicezentren von \u201eLoadex\u201c UAB befinden sich in Litauen (Utena) und Deutschland (Hannover) \u2013 dies gew\u00e4hrleistet einen ununterbrochenen Logistikbetrieb.[\/vc_column_text][vc_column_text css=&#8220;.vc_custom_1755693159255{padding-top: 10px !important;}&#8220; el_class=&#8220;more-link&#8220;]<\/p>\n<div><a href=\"https:\/\/loadex.lt\/de\/lkw-service\/\"><span lang=\"DE\">Mehr Informationen<\/span><\/a><\/div>\n<p>[\/vc_column_text][\/vc_column][\/vc_row][vc_row full_width=&#8220;stretch_row&#8220; full_height=&#8220;yes&#8220; content_placement=&#8220;middle&#8220; css_animation=&#8220;fadeInUp&#8220; bg_type=&#8220;image&#8220; parallax_style=&#8220;vcpb-vz-jquery&#8220; bg_image_new=&#8220;id^558|url^https:\/\/loadex.lt\/wp-content\/uploads\/2025\/07\/loadex_bg-1.jpg|caption^null|alt^null|title^loadex_bg|description^null&#8220; bg_image_repeat=&#8220;no-repeat&#8220; css=&#8220;.vc_custom_1753013556313{margin-top: 100px !important;margin-bottom: -70px !important;}&#8220;][vc_column width=&#8220;1\/6&#8243;][\/vc_column][vc_column width=&#8220;2\/3&#8243;][vc_custom_heading text=&#8220;Haben Sie Fragen, m\u00f6chten Sie mit uns zusammenarbeiten oder eine Transportanfrage stellen?&#8220; font_container=&#8220;tag:h3|text_align:center|color:%23ffffff&#8220; use_theme_fonts=&#8220;yes&#8220; css=&#8220;.vc_custom_1755693196113{padding-bottom: 30px !important;}&#8220;]<style type=\"text\/css\" data-type=\"the7_shortcodes-inline-css\">#default-btn-701561b5bf704be5265dcf36bc655e13.ico-right-side > i {\n  margin-right: 0px;\n  margin-left: 8px;\n}\n#default-btn-701561b5bf704be5265dcf36bc655e13 > i {\n  margin-right: 8px;\n}<\/style><div class=\"btn-align-center\"><a href=\"https:\/\/loadex.lt\/de\/kontakte\/\" class=\"default-btn-shortcode dt-btn dt-btn-l link-hover-off  vc_custom_1755693204165\" id=\"default-btn-701561b5bf704be5265dcf36bc655e13\" title=\"Kontakte\"><span>Bitte kontaktieren Sie uns<\/span><\/a><\/div>[\/vc_column][vc_column width=&#8220;1\/6&#8243;][\/vc_column][\/vc_row]<\/p>\n<\/div>","protected":false},"excerpt":{"rendered":"<p>[vc_row full_width=&#8220;stretch_row&#8220; full_height=&#8220;yes&#8220; bg_type=&#8220;image&#8220; parallax_style=&#8220;vcpb-vz-jquery&#8220; bg_image_new=&#8220;id^550|url^https:\/\/loadex.lt\/wp-content\/uploads\/2025\/07\/Fonas_01.png|caption^null|alt^null|title^Fonas_01|description^null&#8220; bg_image_repeat=&#8220;no-repeat&#8220; parallax_content=&#8220;parallax_content_value&#8220; parallax_content_sense=&#8220;20&#8243; fadeout_row=&#8220;fadeout_row_value&#8220; fadeout_start_effect=&#8220;70&#8243; css=&#8220;.vc_custom_1753013502841{margin-top: -70px !important;}&#8220; el_class=&#8220;hero&#8220;][vc_column width=&#8220;1\/12&#8243;][\/vc_column][vc_column width=&#8220;10\/12&#8243;][vc_custom_heading text=&#8220;Internationaler G\u00fcterverkehr&#8220; font_container=&#8220;tag:h1|text_align:center|color:%23ffffff&#8220; use_theme_fonts=&#8220;yes&#8220; css=&#8220;.vc_custom_1755693041779{margin-top: -100px !important;padding-bottom: 30px !important;}&#8220;][vc_row_inner][vc_column_inner width=&#8220;1\/6&#8243;][\/vc_column_inner][vc_column_inner width=&#8220;2\/3&#8243;][vc_column_text css=&#8220;&#8220; el_class=&#8220;white&#8220;] Transparenz in den Prozessen, innovative Technik und h\u00f6chste Qualit\u00e4tsstandards. [\/vc_column_text][\/vc_column_inner][vc_column_inner width=&#8220;1\/6&#8243;][\/vc_column_inner][\/vc_row_inner][\/vc_column][vc_column width=&#8220;1\/12&#8243;][\/vc_column][\/vc_row][vc_row gap=&#8220;25&#8243; equal_height=&#8220;yes&#8220; content_placement=&#8220;middle&#8220; css_animation=&#8220;none&#8220; css=&#8220;.vc_custom_1709244341455{margin-top: -120px !important;}&#8220; el_class=&#8220;hero-mobile&#8220;][vc_column width=&#8220;2\/3&#8243; css=&#8220;.vc_custom_1709244265607{padding-top: 0px !important;padding-right: 0px&hellip;<\/p>\n","protected":false},"author":1,"featured_media":0,"parent":0,"menu_order":0,"comment_status":"closed","ping_status":"closed","template":"","meta":{"footnotes":""},"class_list":["post-720","page","type-page","status-publish","hentry","description-off"],"yoast_head":"<!-- This site is optimized with the Yoast SEO plugin v27.0 - https:\/\/yoast.com\/product\/yoast-seo-wordpress\/ -->\n<title>Internationaler G\u00fcterverkehr - Loadex<\/title>\n<meta name=\"robots\" content=\"index, follow, max-snippet:-1, max-image-preview:large, max-video-preview:-1\" \/>\n<link rel=\"canonical\" href=\"https:\/\/loadex.lt\/de\/\" \/>\n<meta property=\"og:locale\" content=\"de_DE\" \/>\n<meta property=\"og:type\" content=\"article\" \/>\n<meta property=\"og:title\" content=\"Internationaler G\u00fcterverkehr - Loadex\" \/>\n<meta property=\"og:description\" content=\"[vc_row full_width=&#8220;stretch_row&#8220; full_height=&#8220;yes&#8220; bg_type=&#8220;image&#8220; parallax_style=&#8220;vcpb-vz-jquery&#8220; bg_image_new=&#8220;id^550|url^https:\/\/loadex.lt\/wp-content\/uploads\/2025\/07\/Fonas_01.png|caption^null|alt^null|title^Fonas_01|description^null&#8220; bg_image_repeat=&#8220;no-repeat&#8220; parallax_content=&#8220;parallax_content_value&#8220; parallax_content_sense=&#8220;20&#8243; fadeout_row=&#8220;fadeout_row_value&#8220; fadeout_start_effect=&#8220;70&#8243; css=&#8220;.vc_custom_1753013502841{margin-top: -70px !important;}&#8220; el_class=&#8220;hero&#8220;][vc_column width=&#8220;1\/12&#8243;][\/vc_column][vc_column width=&#8220;10\/12&#8243;][vc_custom_heading text=&#8220;Internationaler G\u00fcterverkehr&#8220; font_container=&#8220;tag:h1|text_align:center|color:%23ffffff&#8220; use_theme_fonts=&#8220;yes&#8220; css=&#8220;.vc_custom_1755693041779{margin-top: -100px !important;padding-bottom: 30px !important;}&#8220;][vc_row_inner][vc_column_inner width=&#8220;1\/6&#8243;][\/vc_column_inner][vc_column_inner width=&#8220;2\/3&#8243;][vc_column_text css=&#8220;&#8220; el_class=&#8220;white&#8220;] Transparenz in den Prozessen, innovative Technik und h\u00f6chste Qualit\u00e4tsstandards. [\/vc_column_text][\/vc_column_inner][vc_column_inner width=&#8220;1\/6&#8243;][\/vc_column_inner][\/vc_row_inner][\/vc_column][vc_column width=&#8220;1\/12&#8243;][\/vc_column][\/vc_row][vc_row gap=&#8220;25&#8243; equal_height=&#8220;yes&#8220; content_placement=&#8220;middle&#8220; css_animation=&#8220;none&#8220; css=&#8220;.vc_custom_1709244341455{margin-top: -120px !important;}&#8220; el_class=&#8220;hero-mobile&#8220;][vc_column width=&#8220;2\/3&#8243; css=&#8220;.vc_custom_1709244265607{padding-top: 0px !important;padding-right: 0px&hellip;\" \/>\n<meta property=\"og:url\" content=\"https:\/\/loadex.lt\/de\/\" \/>\n<meta property=\"og:site_name\" content=\"Loadex\" \/>\n<meta property=\"article:modified_time\" content=\"2026-02-26T19:15:50+00:00\" \/>\n<meta property=\"og:image\" content=\"https:\/\/loadex.lt\/wp-content\/uploads\/2025\/08\/1.jpg\" \/>\n\t<meta property=\"og:image:width\" content=\"2500\" \/>\n\t<meta property=\"og:image:height\" content=\"1875\" \/>\n\t<meta property=\"og:image:type\" content=\"image\/jpeg\" \/>\n<meta name=\"twitter:card\" content=\"summary_large_image\" \/>\n<meta name=\"twitter:label1\" content=\"Gesch\u00e4tzte Lesezeit\" \/>\n\t<meta name=\"twitter:data1\" content=\"3\u00a0Minuten\" \/>\n<script type=\"application\/ld+json\" class=\"yoast-schema-graph\">{\"@context\":\"https:\/\/schema.org\",\"@graph\":[{\"@type\":\"WebPage\",\"@id\":\"https:\/\/loadex.lt\/de\/\",\"url\":\"https:\/\/loadex.lt\/de\/\",\"name\":\"Internationaler G\u00fcterverkehr - Loadex\",\"isPartOf\":{\"@id\":\"https:\/\/loadex.lt\/#website\"},\"datePublished\":\"2024-02-27T21:01:58+00:00\",\"dateModified\":\"2026-02-26T19:15:50+00:00\",\"breadcrumb\":{\"@id\":\"https:\/\/loadex.lt\/de\/#breadcrumb\"},\"inLanguage\":\"de\",\"potentialAction\":[{\"@type\":\"ReadAction\",\"target\":[\"https:\/\/loadex.lt\/de\/\"]}]},{\"@type\":\"BreadcrumbList\",\"@id\":\"https:\/\/loadex.lt\/de\/#breadcrumb\",\"itemListElement\":[{\"@type\":\"ListItem\",\"position\":1,\"name\":\"Home\",\"item\":\"https:\/\/loadex.lt\/de\/\"},{\"@type\":\"ListItem\",\"position\":2,\"name\":\"Heim\"}]},{\"@type\":\"WebSite\",\"@id\":\"https:\/\/loadex.lt\/#website\",\"url\":\"https:\/\/loadex.lt\/\",\"name\":\"TOP AUTO Logistik\",\"description\":\"\",\"publisher\":{\"@id\":\"https:\/\/loadex.lt\/#organization\"},\"potentialAction\":[{\"@type\":\"SearchAction\",\"target\":{\"@type\":\"EntryPoint\",\"urlTemplate\":\"https:\/\/loadex.lt\/?s={search_term_string}\"},\"query-input\":{\"@type\":\"PropertyValueSpecification\",\"valueRequired\":true,\"valueName\":\"search_term_string\"}}],\"inLanguage\":\"de\"},{\"@type\":\"Organization\",\"@id\":\"https:\/\/loadex.lt\/#organization\",\"name\":\"TOP AUTO Logistik\",\"url\":\"https:\/\/loadex.lt\/\",\"logo\":{\"@type\":\"ImageObject\",\"inLanguage\":\"de\",\"@id\":\"https:\/\/loadex.lt\/#\/schema\/logo\/image\/\",\"url\":\"https:\/\/loadex.lt\/wp-content\/uploads\/2025\/05\/logo-colored.svg\",\"contentUrl\":\"https:\/\/loadex.lt\/wp-content\/uploads\/2025\/05\/logo-colored.svg\",\"width\":1,\"height\":1,\"caption\":\"TOP AUTO Logistik\"},\"image\":{\"@id\":\"https:\/\/loadex.lt\/#\/schema\/logo\/image\/\"}}]}<\/script>\n<!-- \/ Yoast SEO plugin. -->","yoast_head_json":{"title":"Internationaler G\u00fcterverkehr - Loadex","robots":{"index":"index","follow":"follow","max-snippet":"max-snippet:-1","max-image-preview":"max-image-preview:large","max-video-preview":"max-video-preview:-1"},"canonical":"https:\/\/loadex.lt\/de\/","og_locale":"de_DE","og_type":"article","og_title":"Internationaler G\u00fcterverkehr - Loadex","og_description":"[vc_row full_width=&#8220;stretch_row&#8220; full_height=&#8220;yes&#8220; bg_type=&#8220;image&#8220; parallax_style=&#8220;vcpb-vz-jquery&#8220; bg_image_new=&#8220;id^550|url^https:\/\/loadex.lt\/wp-content\/uploads\/2025\/07\/Fonas_01.png|caption^null|alt^null|title^Fonas_01|description^null&#8220; bg_image_repeat=&#8220;no-repeat&#8220; parallax_content=&#8220;parallax_content_value&#8220; parallax_content_sense=&#8220;20&#8243; fadeout_row=&#8220;fadeout_row_value&#8220; fadeout_start_effect=&#8220;70&#8243; css=&#8220;.vc_custom_1753013502841{margin-top: -70px !important;}&#8220; el_class=&#8220;hero&#8220;][vc_column width=&#8220;1\/12&#8243;][\/vc_column][vc_column width=&#8220;10\/12&#8243;][vc_custom_heading text=&#8220;Internationaler G\u00fcterverkehr&#8220; font_container=&#8220;tag:h1|text_align:center|color:%23ffffff&#8220; use_theme_fonts=&#8220;yes&#8220; css=&#8220;.vc_custom_1755693041779{margin-top: -100px !important;padding-bottom: 30px !important;}&#8220;][vc_row_inner][vc_column_inner width=&#8220;1\/6&#8243;][\/vc_column_inner][vc_column_inner width=&#8220;2\/3&#8243;][vc_column_text css=&#8220;&#8220; el_class=&#8220;white&#8220;] Transparenz in den Prozessen, innovative Technik und h\u00f6chste Qualit\u00e4tsstandards. [\/vc_column_text][\/vc_column_inner][vc_column_inner width=&#8220;1\/6&#8243;][\/vc_column_inner][\/vc_row_inner][\/vc_column][vc_column width=&#8220;1\/12&#8243;][\/vc_column][\/vc_row][vc_row gap=&#8220;25&#8243; equal_height=&#8220;yes&#8220; content_placement=&#8220;middle&#8220; css_animation=&#8220;none&#8220; css=&#8220;.vc_custom_1709244341455{margin-top: -120px !important;}&#8220; el_class=&#8220;hero-mobile&#8220;][vc_column width=&#8220;2\/3&#8243; css=&#8220;.vc_custom_1709244265607{padding-top: 0px !important;padding-right: 0px&hellip;","og_url":"https:\/\/loadex.lt\/de\/","og_site_name":"Loadex","article_modified_time":"2026-02-26T19:15:50+00:00","og_image":[{"width":2500,"height":1875,"url":"https:\/\/loadex.lt\/wp-content\/uploads\/2025\/08\/1.jpg","type":"image\/jpeg"}],"twitter_card":"summary_large_image","twitter_misc":{"Gesch\u00e4tzte Lesezeit":"3\u00a0Minuten"},"schema":{"@context":"https:\/\/schema.org","@graph":[{"@type":"WebPage","@id":"https:\/\/loadex.lt\/de\/","url":"https:\/\/loadex.lt\/de\/","name":"Internationaler G\u00fcterverkehr - Loadex","isPartOf":{"@id":"https:\/\/loadex.lt\/#website"},"datePublished":"2024-02-27T21:01:58+00:00","dateModified":"2026-02-26T19:15:50+00:00","breadcrumb":{"@id":"https:\/\/loadex.lt\/de\/#breadcrumb"},"inLanguage":"de","potentialAction":[{"@type":"ReadAction","target":["https:\/\/loadex.lt\/de\/"]}]},{"@type":"BreadcrumbList","@id":"https:\/\/loadex.lt\/de\/#breadcrumb","itemListElement":[{"@type":"ListItem","position":1,"name":"Home","item":"https:\/\/loadex.lt\/de\/"},{"@type":"ListItem","position":2,"name":"Heim"}]},{"@type":"WebSite","@id":"https:\/\/loadex.lt\/#website","url":"https:\/\/loadex.lt\/","name":"TOP AUTO Logistik","description":"","publisher":{"@id":"https:\/\/loadex.lt\/#organization"},"potentialAction":[{"@type":"SearchAction","target":{"@type":"EntryPoint","urlTemplate":"https:\/\/loadex.lt\/?s={search_term_string}"},"query-input":{"@type":"PropertyValueSpecification","valueRequired":true,"valueName":"search_term_string"}}],"inLanguage":"de"},{"@type":"Organization","@id":"https:\/\/loadex.lt\/#organization","name":"TOP AUTO Logistik","url":"https:\/\/loadex.lt\/","logo":{"@type":"ImageObject","inLanguage":"de","@id":"https:\/\/loadex.lt\/#\/schema\/logo\/image\/","url":"https:\/\/loadex.lt\/wp-content\/uploads\/2025\/05\/logo-colored.svg","contentUrl":"https:\/\/loadex.lt\/wp-content\/uploads\/2025\/05\/logo-colored.svg","width":1,"height":1,"caption":"TOP AUTO Logistik"},"image":{"@id":"https:\/\/loadex.lt\/#\/schema\/logo\/image\/"}}]}},"_links":{"self":[{"href":"https:\/\/loadex.lt\/de\/wp-json\/wp\/v2\/pages\/720","targetHints":{"allow":["GET"]}}],"collection":[{"href":"https:\/\/loadex.lt\/de\/wp-json\/wp\/v2\/pages"}],"about":[{"href":"https:\/\/loadex.lt\/de\/wp-json\/wp\/v2\/types\/page"}],"author":[{"embeddable":true,"href":"https:\/\/loadex.lt\/de\/wp-json\/wp\/v2\/users\/1"}],"replies":[{"embeddable":true,"href":"https:\/\/loadex.lt\/de\/wp-json\/wp\/v2\/comments?post=720"}],"version-history":[{"count":6,"href":"https:\/\/loadex.lt\/de\/wp-json\/wp\/v2\/pages\/720\/revisions"}],"predecessor-version":[{"id":763,"href":"https:\/\/loadex.lt\/de\/wp-json\/wp\/v2\/pages\/720\/revisions\/763"}],"wp:attachment":[{"href":"https:\/\/loadex.lt\/de\/wp-json\/wp\/v2\/media?parent=720"}],"curies":[{"name":"wp","href":"https:\/\/api.w.org\/{rel}","templated":true}]}}