{"id":729,"date":"2024-02-28T21:27:49","date_gmt":"2024-02-28T21:27:49","guid":{"rendered":"https:\/\/loadex.lt\/kroviniu-gabenimas\/"},"modified":"2025-08-20T12:47:29","modified_gmt":"2025-08-20T12:47:29","slug":"gueterverkehr","status":"publish","type":"page","link":"https:\/\/loadex.lt\/de\/gueterverkehr\/","title":{"rendered":"G\u00fcterverkehr"},"content":{"rendered":"<div class=\"wpb-content-wrapper\"><p>[vc_row full_width=&#8220;stretch_row&#8220; bg_type=&#8220;image&#8220; parallax_style=&#8220;vcpb-vz-jquery&#8220; bg_image_new=&#8220;id^550|url^https:\/\/loadex.lt\/wp-content\/uploads\/2025\/07\/Fonas_01.png|caption^null|alt^null|title^Fonas_01|description^null&#8220; bg_image_repeat=&#8220;no-repeat&#8220; parallax_content=&#8220;parallax_content_value&#8220; parallax_content_sense=&#8220;20&#8243; css=&#8220;.vc_custom_1753013652563{margin-top: -70px !important;padding-top: 200px !important;padding-bottom: 60px !important;}&#8220; el_class=&#8220;hero&#8220;][vc_column width=&#8220;1\/12&#8243;][\/vc_column][vc_column width=&#8220;10\/12&#8243;][vc_custom_heading text=&#8220;G\u00fcterverkehrsdienstleistungen in ganz Europa.&#8220; font_container=&#8220;tag:h2|text_align:center|color:%23ffffff&#8220; use_theme_fonts=&#8220;yes&#8220; css=&#8220;.vc_custom_1755693999887{margin-top: -100px !important;padding-bottom: 30px !important;}&#8220;][vc_column_text css=&#8220;&#8220; el_class=&#8220;white&#8220;]<\/p>\n<p style=\"text-align: center;\">Unser Fuhrpark umfasst 40 moderne Mercedes-Benz-Sattelzugmaschinen mit neuen Schmitz Cargobull-Sattelaufliegern, die einen sicheren und effizienten Transport gew\u00e4hrleisten.<\/p>\n<p>[\/vc_column_text][\/vc_column][vc_column width=&#8220;1\/12&#8243;][\/vc_column][\/vc_row][vc_row full_width=&#8220;stretch_row&#8220; gap=&#8220;10&#8243; equal_height=&#8220;yes&#8220; content_placement=&#8220;middle&#8220; css_animation=&#8220;fadeIn&#8220; css=&#8220;.vc_custom_1743958952719{padding-top: 40px !important;padding-bottom: 70px !important;background-color: #f8f8f8 !important;}&#8220;][vc_column css_animation=&#8220;fadeInLeft&#8220; width=&#8220;1\/2&#8243;][vc_column_text css=&#8220;.vc_custom_1755694012293{margin-top: 15px !important;}&#8220;]Dank unserer langj\u00e4hrigen Erfahrung im Logistikbereich verwalten wir komplexe Prozesse effizient und bieten jedem Kunden eine sichere, pr\u00e4zise und wirtschaftliche L\u00f6sung. Wir investieren kontinuierlich in die Technik, die Kompetenzen unserer Mitarbeiter und die Erweiterung unserer Gesch\u00e4ftst\u00e4tigkeit.[\/vc_column_text]<div class=\"standard-arrow list-divider bullet-top\"><ul>\n<li>G\u00fcterverkehr<\/li>\n<li>ADR-Transport<\/li>\n<li>Regelm\u00e4\u00dfige Routen und R\u00fccktransporte<\/li>\n<li>Verfolgung von Ladungen in Echtzeit<\/li>\n<li>Flexible L\u00f6sungen f\u00fcr Logistikunternehmen und Spediteure<\/li>\n<\/ul>\n<\/div>[\/vc_column][vc_column css_animation=&#8220;fadeInRight&#8220; width=&#8220;1\/2&#8243;][vc_single_image image=&#8220;674&#8243; img_size=&#8220;full&#8220; alignment=&#8220;center&#8220; css=&#8220;.vc_custom_1754913906297{margin-bottom: 0px !important;}&#8220; el_class=&#8220;round&#8220;][\/vc_column][\/vc_row][vc_row gap=&#8220;20&#8243; equal_height=&#8220;yes&#8220; content_placement=&#8220;top&#8220; css_animation=&#8220;fadeInUp&#8220; disable_element=&#8220;yes&#8220; css=&#8220;.vc_custom_1753786808175{margin-top: 50px !important;}&#8220;][vc_column width=&#8220;1\/3&#8243; css=&#8220;.vc_custom_1743959113870{border-top-width: 1px !important;border-right-width: 1px !important;border-bottom-width: 1px !important;border-left-width: 1px !important;border-left-style: solid !important;border-right-style: solid !important;border-top-style: solid !important;border-bottom-style: solid !important;border-radius: 10px !important;border-color: #f1f1f1 !important;}&#8220;][vc_custom_heading text=&#8220;203 966&#8243; font_container=&#8220;tag:h3|text_align:center|color:%23FDB71A&#8220; use_theme_fonts=&#8220;yes&#8220; css=&#8220;&#8220; el_class=&#8220;red-heading&#8220;][vc_column_text css=&#8220;&#8220;]<\/p>\n<p style=\"text-align: center;\">Number of cars transported (2023)<\/p>\n<p>[\/vc_column_text][\/vc_column][vc_column width=&#8220;1\/3&#8243; css=&#8220;.vc_custom_1743959135183{border-top-width: 1px !important;border-right-width: 1px !important;border-bottom-width: 1px !important;border-left-width: 1px !important;border-left-style: solid !important;border-right-style: solid !important;border-top-style: solid !important;border-bottom-style: solid !important;border-radius: 10px !important;border-color: #f1f1f1 !important;}&#8220;][vc_custom_heading text=&#8220;141 944&#8243; font_container=&#8220;tag:h3|text_align:center|color:%23FDB71A&#8220; use_theme_fonts=&#8220;yes&#8220; css=&#8220;&#8220; el_class=&#8220;red-heading&#8220;][vc_column_text css=&#8220;&#8220;]<\/p>\n<p style=\"text-align: center;\">Number of cars transported (2022)<\/p>\n<p>[\/vc_column_text][\/vc_column][vc_column width=&#8220;1\/3&#8243; css=&#8220;.vc_custom_1743959146992{border-top-width: 1px !important;border-right-width: 1px !important;border-bottom-width: 1px !important;border-left-width: 1px !important;border-left-style: solid !important;border-right-style: solid !important;border-top-style: solid !important;border-bottom-style: solid !important;border-radius: 10px !important;border-color: #f1f1f1 !important;}&#8220;][vc_custom_heading text=&#8220;150+&#8220; font_container=&#8220;tag:h3|text_align:center|color:%23FDB71A&#8220; use_theme_fonts=&#8220;yes&#8220; css=&#8220;&#8220; el_class=&#8220;red-heading&#8220;][vc_column_text css=&#8220;&#8220;]<\/p>\n<p style=\"text-align: center;\">Trucks fleet<\/p>\n<p>[\/vc_column_text][\/vc_column][\/vc_row][vc_row full_width=&#8220;stretch_row&#8220; full_height=&#8220;yes&#8220; content_placement=&#8220;middle&#8220; css_animation=&#8220;fadeInUp&#8220; bg_type=&#8220;image&#8220; parallax_style=&#8220;vcpb-vz-jquery&#8220; bg_image_new=&#8220;id^558|url^https:\/\/loadex.lt\/wp-content\/uploads\/2025\/07\/loadex_bg-1.jpg|caption^null|alt^null|title^loadex_bg|description^null&#8220; bg_image_repeat=&#8220;no-repeat&#8220; css=&#8220;.vc_custom_1753787261387{margin-top: 0px !important;margin-bottom: -70px !important;}&#8220;][vc_column width=&#8220;1\/6&#8243;][\/vc_column][vc_column width=&#8220;2\/3&#8243;][vc_custom_heading text=&#8220;Vertrauen Sie uns den G\u00fcterverkehr an.&#8220; font_container=&#8220;tag:h2|text_align:center|color:%23ffffff&#8220; use_theme_fonts=&#8220;yes&#8220; css=&#8220;.vc_custom_1755694036436{padding-bottom: 30px !important;}&#8220;]<style type=\"text\/css\" data-type=\"the7_shortcodes-inline-css\">#default-btn-907a1654e1e533a5b077aa77af5a0345.ico-right-side > i {\n  margin-right: 0px;\n  margin-left: 8px;\n}\n#default-btn-907a1654e1e533a5b077aa77af5a0345 > i {\n  margin-right: 8px;\n}<\/style><div class=\"btn-align-center\"><a href=\"https:\/\/loadex.lt\/de\/kontakte\/\" class=\"default-btn-shortcode dt-btn dt-btn-l link-hover-off  vc_custom_1755694045610\" id=\"default-btn-907a1654e1e533a5b077aa77af5a0345\" title=\"Kontakte\"><span>Lassen Sie uns dar\u00fcber sprechen<\/span><\/a><\/div>[\/vc_column][vc_column width=&#8220;1\/6&#8243;][\/vc_column][\/vc_row]<\/p>\n<\/div>","protected":false},"excerpt":{"rendered":"<p>[vc_row full_width=&#8220;stretch_row&#8220; bg_type=&#8220;image&#8220; parallax_style=&#8220;vcpb-vz-jquery&#8220; bg_image_new=&#8220;id^550|url^https:\/\/loadex.lt\/wp-content\/uploads\/2025\/07\/Fonas_01.png|caption^null|alt^null|title^Fonas_01|description^null&#8220; bg_image_repeat=&#8220;no-repeat&#8220; parallax_content=&#8220;parallax_content_value&#8220; parallax_content_sense=&#8220;20&#8243; css=&#8220;.vc_custom_1753013652563{margin-top: -70px !important;padding-top: 200px !important;padding-bottom: 60px !important;}&#8220; el_class=&#8220;hero&#8220;][vc_column width=&#8220;1\/12&#8243;][\/vc_column][vc_column width=&#8220;10\/12&#8243;][vc_custom_heading text=&#8220;G\u00fcterverkehrsdienstleistungen in ganz Europa.&#8220; font_container=&#8220;tag:h2|text_align:center|color:%23ffffff&#8220; use_theme_fonts=&#8220;yes&#8220; css=&#8220;.vc_custom_1755693999887{margin-top: -100px !important;padding-bottom: 30px !important;}&#8220;][vc_column_text css=&#8220;&#8220; el_class=&#8220;white&#8220;] Unser Fuhrpark umfasst 40 moderne Mercedes-Benz-Sattelzugmaschinen mit neuen Schmitz Cargobull-Sattelaufliegern, die einen sicheren und effizienten Transport gew\u00e4hrleisten. [\/vc_column_text][\/vc_column][vc_column width=&#8220;1\/12&#8243;][\/vc_column][\/vc_row][vc_row full_width=&#8220;stretch_row&#8220; gap=&#8220;10&#8243; equal_height=&#8220;yes&#8220; content_placement=&#8220;middle&#8220; css_animation=&#8220;fadeIn&#8220;&hellip;<\/p>\n","protected":false},"author":1,"featured_media":0,"parent":0,"menu_order":0,"comment_status":"closed","ping_status":"closed","template":"","meta":{"footnotes":""},"class_list":["post-729","page","type-page","status-publish","hentry","description-off"],"yoast_head":"<!-- This site is optimized with the Yoast SEO plugin v27.0 - https:\/\/yoast.com\/product\/yoast-seo-wordpress\/ -->\n<title>G\u00fcterverkehr - Loadex<\/title>\n<meta name=\"robots\" content=\"index, follow, max-snippet:-1, max-image-preview:large, max-video-preview:-1\" \/>\n<link rel=\"canonical\" href=\"https:\/\/loadex.lt\/kroviniu-gabenimas\/\" \/>\n<meta property=\"og:locale\" content=\"de_DE\" \/>\n<meta property=\"og:type\" content=\"article\" \/>\n<meta property=\"og:title\" content=\"G\u00fcterverkehr - Loadex\" \/>\n<meta property=\"og:description\" content=\"[vc_row full_width=&#8220;stretch_row&#8220; bg_type=&#8220;image&#8220; parallax_style=&#8220;vcpb-vz-jquery&#8220; bg_image_new=&#8220;id^550|url^https:\/\/loadex.lt\/wp-content\/uploads\/2025\/07\/Fonas_01.png|caption^null|alt^null|title^Fonas_01|description^null&#8220; bg_image_repeat=&#8220;no-repeat&#8220; parallax_content=&#8220;parallax_content_value&#8220; parallax_content_sense=&#8220;20&#8243; css=&#8220;.vc_custom_1753013652563{margin-top: -70px !important;padding-top: 200px !important;padding-bottom: 60px !important;}&#8220; el_class=&#8220;hero&#8220;][vc_column width=&#8220;1\/12&#8243;][\/vc_column][vc_column width=&#8220;10\/12&#8243;][vc_custom_heading text=&#8220;G\u00fcterverkehrsdienstleistungen in ganz Europa.&#8220; font_container=&#8220;tag:h2|text_align:center|color:%23ffffff&#8220; use_theme_fonts=&#8220;yes&#8220; css=&#8220;.vc_custom_1755693999887{margin-top: -100px !important;padding-bottom: 30px !important;}&#8220;][vc_column_text css=&#8220;&#8220; el_class=&#8220;white&#8220;] Unser Fuhrpark umfasst 40 moderne Mercedes-Benz-Sattelzugmaschinen mit neuen Schmitz Cargobull-Sattelaufliegern, die einen sicheren und effizienten Transport gew\u00e4hrleisten. [\/vc_column_text][\/vc_column][vc_column width=&#8220;1\/12&#8243;][\/vc_column][\/vc_row][vc_row full_width=&#8220;stretch_row&#8220; gap=&#8220;10&#8243; equal_height=&#8220;yes&#8220; content_placement=&#8220;middle&#8220; css_animation=&#8220;fadeIn&#8220;&hellip;\" \/>\n<meta property=\"og:url\" content=\"https:\/\/loadex.lt\/kroviniu-gabenimas\/\" \/>\n<meta property=\"og:site_name\" content=\"Loadex\" \/>\n<meta property=\"article:modified_time\" content=\"2025-08-20T12:47:29+00:00\" \/>\n<meta property=\"og:image\" content=\"https:\/\/loadex.lt\/wp-content\/uploads\/2025\/08\/1.jpg\" \/>\n\t<meta property=\"og:image:width\" content=\"2500\" \/>\n\t<meta property=\"og:image:height\" content=\"1875\" \/>\n\t<meta property=\"og:image:type\" content=\"image\/jpeg\" \/>\n<meta name=\"twitter:card\" content=\"summary_large_image\" \/>\n<meta name=\"twitter:label1\" content=\"Gesch\u00e4tzte Lesezeit\" \/>\n\t<meta name=\"twitter:data1\" content=\"2\u00a0Minuten\" \/>\n<script type=\"application\/ld+json\" class=\"yoast-schema-graph\">{\"@context\":\"https:\/\/schema.org\",\"@graph\":[{\"@type\":\"WebPage\",\"@id\":\"https:\/\/loadex.lt\/kroviniu-gabenimas\/\",\"url\":\"https:\/\/loadex.lt\/kroviniu-gabenimas\/\",\"name\":\"G\u00fcterverkehr - Loadex\",\"isPartOf\":{\"@id\":\"https:\/\/loadex.lt\/#website\"},\"datePublished\":\"2024-02-28T21:27:49+00:00\",\"dateModified\":\"2025-08-20T12:47:29+00:00\",\"breadcrumb\":{\"@id\":\"https:\/\/loadex.lt\/kroviniu-gabenimas\/#breadcrumb\"},\"inLanguage\":\"de\",\"potentialAction\":[{\"@type\":\"ReadAction\",\"target\":[\"https:\/\/loadex.lt\/kroviniu-gabenimas\/\"]}]},{\"@type\":\"BreadcrumbList\",\"@id\":\"https:\/\/loadex.lt\/kroviniu-gabenimas\/#breadcrumb\",\"itemListElement\":[{\"@type\":\"ListItem\",\"position\":1,\"name\":\"Home\",\"item\":\"https:\/\/loadex.lt\/de\/\"},{\"@type\":\"ListItem\",\"position\":2,\"name\":\"G\u00fcterverkehr\"}]},{\"@type\":\"WebSite\",\"@id\":\"https:\/\/loadex.lt\/#website\",\"url\":\"https:\/\/loadex.lt\/\",\"name\":\"TOP AUTO Logistik\",\"description\":\"\",\"publisher\":{\"@id\":\"https:\/\/loadex.lt\/#organization\"},\"potentialAction\":[{\"@type\":\"SearchAction\",\"target\":{\"@type\":\"EntryPoint\",\"urlTemplate\":\"https:\/\/loadex.lt\/?s={search_term_string}\"},\"query-input\":{\"@type\":\"PropertyValueSpecification\",\"valueRequired\":true,\"valueName\":\"search_term_string\"}}],\"inLanguage\":\"de\"},{\"@type\":\"Organization\",\"@id\":\"https:\/\/loadex.lt\/#organization\",\"name\":\"TOP AUTO Logistik\",\"url\":\"https:\/\/loadex.lt\/\",\"logo\":{\"@type\":\"ImageObject\",\"inLanguage\":\"de\",\"@id\":\"https:\/\/loadex.lt\/#\/schema\/logo\/image\/\",\"url\":\"https:\/\/loadex.lt\/wp-content\/uploads\/2025\/05\/logo-colored.svg\",\"contentUrl\":\"https:\/\/loadex.lt\/wp-content\/uploads\/2025\/05\/logo-colored.svg\",\"width\":1,\"height\":1,\"caption\":\"TOP AUTO Logistik\"},\"image\":{\"@id\":\"https:\/\/loadex.lt\/#\/schema\/logo\/image\/\"}}]}<\/script>\n<!-- \/ Yoast SEO plugin. -->","yoast_head_json":{"title":"G\u00fcterverkehr - Loadex","robots":{"index":"index","follow":"follow","max-snippet":"max-snippet:-1","max-image-preview":"max-image-preview:large","max-video-preview":"max-video-preview:-1"},"canonical":"https:\/\/loadex.lt\/kroviniu-gabenimas\/","og_locale":"de_DE","og_type":"article","og_title":"G\u00fcterverkehr - Loadex","og_description":"[vc_row full_width=&#8220;stretch_row&#8220; bg_type=&#8220;image&#8220; parallax_style=&#8220;vcpb-vz-jquery&#8220; bg_image_new=&#8220;id^550|url^https:\/\/loadex.lt\/wp-content\/uploads\/2025\/07\/Fonas_01.png|caption^null|alt^null|title^Fonas_01|description^null&#8220; bg_image_repeat=&#8220;no-repeat&#8220; parallax_content=&#8220;parallax_content_value&#8220; parallax_content_sense=&#8220;20&#8243; css=&#8220;.vc_custom_1753013652563{margin-top: -70px !important;padding-top: 200px !important;padding-bottom: 60px !important;}&#8220; el_class=&#8220;hero&#8220;][vc_column width=&#8220;1\/12&#8243;][\/vc_column][vc_column width=&#8220;10\/12&#8243;][vc_custom_heading text=&#8220;G\u00fcterverkehrsdienstleistungen in ganz Europa.&#8220; font_container=&#8220;tag:h2|text_align:center|color:%23ffffff&#8220; use_theme_fonts=&#8220;yes&#8220; css=&#8220;.vc_custom_1755693999887{margin-top: -100px !important;padding-bottom: 30px !important;}&#8220;][vc_column_text css=&#8220;&#8220; el_class=&#8220;white&#8220;] Unser Fuhrpark umfasst 40 moderne Mercedes-Benz-Sattelzugmaschinen mit neuen Schmitz Cargobull-Sattelaufliegern, die einen sicheren und effizienten Transport gew\u00e4hrleisten. [\/vc_column_text][\/vc_column][vc_column width=&#8220;1\/12&#8243;][\/vc_column][\/vc_row][vc_row full_width=&#8220;stretch_row&#8220; gap=&#8220;10&#8243; equal_height=&#8220;yes&#8220; content_placement=&#8220;middle&#8220; css_animation=&#8220;fadeIn&#8220;&hellip;","og_url":"https:\/\/loadex.lt\/kroviniu-gabenimas\/","og_site_name":"Loadex","article_modified_time":"2025-08-20T12:47:29+00:00","og_image":[{"width":2500,"height":1875,"url":"https:\/\/loadex.lt\/wp-content\/uploads\/2025\/08\/1.jpg","type":"image\/jpeg"}],"twitter_card":"summary_large_image","twitter_misc":{"Gesch\u00e4tzte Lesezeit":"2\u00a0Minuten"},"schema":{"@context":"https:\/\/schema.org","@graph":[{"@type":"WebPage","@id":"https:\/\/loadex.lt\/kroviniu-gabenimas\/","url":"https:\/\/loadex.lt\/kroviniu-gabenimas\/","name":"G\u00fcterverkehr - Loadex","isPartOf":{"@id":"https:\/\/loadex.lt\/#website"},"datePublished":"2024-02-28T21:27:49+00:00","dateModified":"2025-08-20T12:47:29+00:00","breadcrumb":{"@id":"https:\/\/loadex.lt\/kroviniu-gabenimas\/#breadcrumb"},"inLanguage":"de","potentialAction":[{"@type":"ReadAction","target":["https:\/\/loadex.lt\/kroviniu-gabenimas\/"]}]},{"@type":"BreadcrumbList","@id":"https:\/\/loadex.lt\/kroviniu-gabenimas\/#breadcrumb","itemListElement":[{"@type":"ListItem","position":1,"name":"Home","item":"https:\/\/loadex.lt\/de\/"},{"@type":"ListItem","position":2,"name":"G\u00fcterverkehr"}]},{"@type":"WebSite","@id":"https:\/\/loadex.lt\/#website","url":"https:\/\/loadex.lt\/","name":"TOP AUTO Logistik","description":"","publisher":{"@id":"https:\/\/loadex.lt\/#organization"},"potentialAction":[{"@type":"SearchAction","target":{"@type":"EntryPoint","urlTemplate":"https:\/\/loadex.lt\/?s={search_term_string}"},"query-input":{"@type":"PropertyValueSpecification","valueRequired":true,"valueName":"search_term_string"}}],"inLanguage":"de"},{"@type":"Organization","@id":"https:\/\/loadex.lt\/#organization","name":"TOP AUTO Logistik","url":"https:\/\/loadex.lt\/","logo":{"@type":"ImageObject","inLanguage":"de","@id":"https:\/\/loadex.lt\/#\/schema\/logo\/image\/","url":"https:\/\/loadex.lt\/wp-content\/uploads\/2025\/05\/logo-colored.svg","contentUrl":"https:\/\/loadex.lt\/wp-content\/uploads\/2025\/05\/logo-colored.svg","width":1,"height":1,"caption":"TOP AUTO Logistik"},"image":{"@id":"https:\/\/loadex.lt\/#\/schema\/logo\/image\/"}}]}},"_links":{"self":[{"href":"https:\/\/loadex.lt\/de\/wp-json\/wp\/v2\/pages\/729","targetHints":{"allow":["GET"]}}],"collection":[{"href":"https:\/\/loadex.lt\/de\/wp-json\/wp\/v2\/pages"}],"about":[{"href":"https:\/\/loadex.lt\/de\/wp-json\/wp\/v2\/types\/page"}],"author":[{"embeddable":true,"href":"https:\/\/loadex.lt\/de\/wp-json\/wp\/v2\/users\/1"}],"replies":[{"embeddable":true,"href":"https:\/\/loadex.lt\/de\/wp-json\/wp\/v2\/comments?post=729"}],"version-history":[{"count":3,"href":"https:\/\/loadex.lt\/de\/wp-json\/wp\/v2\/pages\/729\/revisions"}],"predecessor-version":[{"id":768,"href":"https:\/\/loadex.lt\/de\/wp-json\/wp\/v2\/pages\/729\/revisions\/768"}],"wp:attachment":[{"href":"https:\/\/loadex.lt\/de\/wp-json\/wp\/v2\/media?parent=729"}],"curies":[{"name":"wp","href":"https:\/\/api.w.org\/{rel}","templated":true}]}}