{"id":730,"date":"2024-02-28T21:28:06","date_gmt":"2024-02-28T21:28:06","guid":{"rendered":"https:\/\/loadex.lt\/ekspedicijos-paslaugos\/"},"modified":"2025-08-20T12:49:44","modified_gmt":"2025-08-20T12:49:44","slug":"spedition","status":"publish","type":"page","link":"https:\/\/loadex.lt\/de\/spedition\/","title":{"rendered":"Spedition"},"content":{"rendered":"<div class=\"wpb-content-wrapper\"><p>[vc_row full_width=&#8220;stretch_row&#8220; bg_type=&#8220;image&#8220; parallax_style=&#8220;vcpb-vz-jquery&#8220; bg_image_new=&#8220;id^550|url^https:\/\/loadex.lt\/wp-content\/uploads\/2025\/07\/Fonas_01.png|caption^null|alt^null|title^Fonas_01|description^null&#8220; bg_image_repeat=&#8220;no-repeat&#8220; parallax_content=&#8220;parallax_content_value&#8220; parallax_content_sense=&#8220;20&#8243; fadeout_row=&#8220;fadeout_row_value&#8220; fadeout_start_effect=&#8220;70&#8243; css=&#8220;.vc_custom_1753013725530{margin-top: -70px !important;padding-top: 230px !important;padding-bottom: 100px !important;}&#8220; el_class=&#8220;hero&#8220;][vc_column width=&#8220;1\/12&#8243;][\/vc_column][vc_column width=&#8220;10\/12&#8243;][vc_custom_heading text=&#8220;Spedition&#8220; font_container=&#8220;tag:h1|text_align:center|color:%23ffffff&#8220; use_theme_fonts=&#8220;yes&#8220; css=&#8220;.vc_custom_1755694074254{margin-top: -100px !important;padding-bottom: 30px !important;}&#8220;][vc_row_inner][vc_column_inner width=&#8220;1\/6&#8243;][\/vc_column_inner][vc_column_inner width=&#8220;2\/3&#8243;][vc_column_text css=&#8220;&#8220; el_class=&#8220;white&#8220;]<\/p>\n<p style=\"text-align: center;\">Wir organisieren den G\u00fcterverkehr durch zuverl\u00e4ssige Partner, sorgen f\u00fcr die Optimierung der Routen und k\u00fcmmern uns um den gesamten Logistikprozess von der Verladung bis zur Lieferung.<\/p>\n<p>[\/vc_column_text][\/vc_column_inner][vc_column_inner width=&#8220;1\/6&#8243;][\/vc_column_inner][\/vc_row_inner][\/vc_column][vc_column width=&#8220;1\/12&#8243;][\/vc_column][\/vc_row][vc_row full_width=&#8220;stretch_row&#8220; gap=&#8220;10&#8243; equal_height=&#8220;yes&#8220; content_placement=&#8220;middle&#8220; css_animation=&#8220;fadeIn&#8220; css=&#8220;.vc_custom_1743958952719{padding-top: 40px !important;padding-bottom: 70px !important;background-color: #f8f8f8 !important;}&#8220;][vc_column css_animation=&#8220;fadeInLeft&#8220; width=&#8220;1\/2&#8243;]<div class=\"standard-arrow list-divider bullet-top\"><ul>\n<li>Transportmanagement im internationalen und lokalen G\u00fcterverkehr in Europa.<\/li>\n<li>L\u00f6sungen f\u00fcr Transportunternehmen: Analyse von Frachtstr\u00f6men, Routenoptimierung und -kontrolle, Schadenspr\u00e4vention.<\/li>\n<li>Professionelle Transportmanagement- und Kontrolle L\u00f6sungen.<\/li>\n<li>Professionelle Transportmanager mit Erfahrung im Logistikbereich, die Litauisch, Englisch, Russisch, Deutsch und Franz\u00f6sisch sprechen.<\/li>\n<li>Erf\u00fcllung von Verpflichtungen aus dem \u00dcbereinkommen \u00fcber den Vertrag internationalen G\u00fcterkraftverkehr (CMR).<\/li>\n<li>Europaweite Zusammenarbeit mit den gr\u00f6\u00dften Logistikunternehmen im Bereich Kfz-Logistik.<\/li>\n<\/ul>\n<\/div>[\/vc_column][vc_column css_animation=&#8220;fadeInRight&#8220; width=&#8220;1\/2&#8243;][vc_single_image image=&#8220;664&#8243; img_size=&#8220;full&#8220; alignment=&#8220;center&#8220; css=&#8220;.vc_custom_1754912397008{margin-bottom: 0px !important;}&#8220; el_class=&#8220;round&#8220;][\/vc_column][\/vc_row][vc_row css_animation=&#8220;fadeInUp&#8220; css=&#8220;.vc_custom_1743959680485{margin-top: 50px !important;}&#8220;][vc_column width=&#8220;1\/6&#8243;][\/vc_column][vc_column width=&#8220;2\/3&#8243;][vc_custom_heading text=&#8220;Wir verf\u00fcgen \u00fcber mehr als 50 LKWs.&#8220; font_container=&#8220;tag:h3|text_align:center&#8220; use_theme_fonts=&#8220;yes&#8220; css=&#8220;&#8220; el_class=&#8220;red-heading&#8220;][\/vc_column][vc_column width=&#8220;1\/6&#8243;][\/vc_column][\/vc_row][vc_row full_width=&#8220;stretch_row&#8220; full_height=&#8220;yes&#8220; content_placement=&#8220;middle&#8220; css_animation=&#8220;fadeInUp&#8220; bg_type=&#8220;image&#8220; parallax_style=&#8220;vcpb-vz-jquery&#8220; bg_image_new=&#8220;id^558|url^https:\/\/loadex.lt\/wp-content\/uploads\/2025\/07\/loadex_bg-1.jpg|caption^null|alt^null|title^loadex_bg|description^null&#8220; bg_image_repeat=&#8220;no-repeat&#8220; css=&#8220;.vc_custom_1753013735625{margin-top: 50px !important;margin-bottom: -70px !important;}&#8220;][vc_column width=&#8220;1\/6&#8243;][\/vc_column][vc_column width=&#8220;2\/3&#8243;][vc_custom_heading text=&#8220;Vertrauen Sie uns den G\u00fcterverkehr an.&#8220; font_container=&#8220;tag:h2|text_align:center|color:%23ffffff&#8220; use_theme_fonts=&#8220;yes&#8220; css=&#8220;.vc_custom_1755694181857{padding-bottom: 30px !important;}&#8220;]<style type=\"text\/css\" data-type=\"the7_shortcodes-inline-css\">#default-btn-1ed50fa438d30f4d265e03d783132d98.ico-right-side > i {\n  margin-right: 0px;\n  margin-left: 8px;\n}\n#default-btn-1ed50fa438d30f4d265e03d783132d98 > i {\n  margin-right: 8px;\n}<\/style><div class=\"btn-align-center\"><a href=\"https:\/\/loadex.lt\/de\/kontakte\/\" class=\"default-btn-shortcode dt-btn dt-btn-l link-hover-off  vc_custom_1755694173079\" id=\"default-btn-1ed50fa438d30f4d265e03d783132d98\" title=\"Kontakte\"><span>Kontaktieren Sie uns<\/span><\/a><\/div>[\/vc_column][vc_column width=&#8220;1\/6&#8243;][\/vc_column][\/vc_row]<\/p>\n<\/div>","protected":false},"excerpt":{"rendered":"<p>[vc_row full_width=&#8220;stretch_row&#8220; bg_type=&#8220;image&#8220; parallax_style=&#8220;vcpb-vz-jquery&#8220; bg_image_new=&#8220;id^550|url^https:\/\/loadex.lt\/wp-content\/uploads\/2025\/07\/Fonas_01.png|caption^null|alt^null|title^Fonas_01|description^null&#8220; bg_image_repeat=&#8220;no-repeat&#8220; parallax_content=&#8220;parallax_content_value&#8220; parallax_content_sense=&#8220;20&#8243; fadeout_row=&#8220;fadeout_row_value&#8220; fadeout_start_effect=&#8220;70&#8243; css=&#8220;.vc_custom_1753013725530{margin-top: -70px !important;padding-top: 230px !important;padding-bottom: 100px !important;}&#8220; el_class=&#8220;hero&#8220;][vc_column width=&#8220;1\/12&#8243;][\/vc_column][vc_column width=&#8220;10\/12&#8243;][vc_custom_heading text=&#8220;Spedition&#8220; font_container=&#8220;tag:h1|text_align:center|color:%23ffffff&#8220; use_theme_fonts=&#8220;yes&#8220; css=&#8220;.vc_custom_1755694074254{margin-top: -100px !important;padding-bottom: 30px !important;}&#8220;][vc_row_inner][vc_column_inner width=&#8220;1\/6&#8243;][\/vc_column_inner][vc_column_inner width=&#8220;2\/3&#8243;][vc_column_text css=&#8220;&#8220; el_class=&#8220;white&#8220;] Wir organisieren den G\u00fcterverkehr durch zuverl\u00e4ssige Partner, sorgen f\u00fcr die Optimierung der Routen und k\u00fcmmern uns um den gesamten Logistikprozess von der Verladung&hellip;<\/p>\n","protected":false},"author":1,"featured_media":0,"parent":0,"menu_order":0,"comment_status":"closed","ping_status":"closed","template":"","meta":{"footnotes":""},"class_list":["post-730","page","type-page","status-publish","hentry","description-off"],"yoast_head":"<!-- This site is optimized with the Yoast SEO plugin v27.0 - https:\/\/yoast.com\/product\/yoast-seo-wordpress\/ -->\n<title>Spedition - Loadex<\/title>\n<meta name=\"robots\" content=\"index, follow, max-snippet:-1, max-image-preview:large, max-video-preview:-1\" \/>\n<link rel=\"canonical\" href=\"https:\/\/loadex.lt\/ekspedicijos-paslaugos\/\" \/>\n<meta property=\"og:locale\" content=\"de_DE\" \/>\n<meta property=\"og:type\" content=\"article\" \/>\n<meta property=\"og:title\" content=\"Spedition - Loadex\" \/>\n<meta property=\"og:description\" content=\"[vc_row full_width=&#8220;stretch_row&#8220; bg_type=&#8220;image&#8220; parallax_style=&#8220;vcpb-vz-jquery&#8220; bg_image_new=&#8220;id^550|url^https:\/\/loadex.lt\/wp-content\/uploads\/2025\/07\/Fonas_01.png|caption^null|alt^null|title^Fonas_01|description^null&#8220; bg_image_repeat=&#8220;no-repeat&#8220; parallax_content=&#8220;parallax_content_value&#8220; parallax_content_sense=&#8220;20&#8243; fadeout_row=&#8220;fadeout_row_value&#8220; fadeout_start_effect=&#8220;70&#8243; css=&#8220;.vc_custom_1753013725530{margin-top: -70px !important;padding-top: 230px !important;padding-bottom: 100px !important;}&#8220; el_class=&#8220;hero&#8220;][vc_column width=&#8220;1\/12&#8243;][\/vc_column][vc_column width=&#8220;10\/12&#8243;][vc_custom_heading text=&#8220;Spedition&#8220; font_container=&#8220;tag:h1|text_align:center|color:%23ffffff&#8220; use_theme_fonts=&#8220;yes&#8220; css=&#8220;.vc_custom_1755694074254{margin-top: -100px !important;padding-bottom: 30px !important;}&#8220;][vc_row_inner][vc_column_inner width=&#8220;1\/6&#8243;][\/vc_column_inner][vc_column_inner width=&#8220;2\/3&#8243;][vc_column_text css=&#8220;&#8220; el_class=&#8220;white&#8220;] Wir organisieren den G\u00fcterverkehr durch zuverl\u00e4ssige Partner, sorgen f\u00fcr die Optimierung der Routen und k\u00fcmmern uns um den gesamten Logistikprozess von der Verladung&hellip;\" \/>\n<meta property=\"og:url\" content=\"https:\/\/loadex.lt\/ekspedicijos-paslaugos\/\" \/>\n<meta property=\"og:site_name\" content=\"Loadex\" \/>\n<meta property=\"article:modified_time\" content=\"2025-08-20T12:49:44+00:00\" \/>\n<meta property=\"og:image\" content=\"https:\/\/loadex.lt\/wp-content\/uploads\/2025\/08\/1.jpg\" \/>\n\t<meta property=\"og:image:width\" content=\"2500\" \/>\n\t<meta property=\"og:image:height\" content=\"1875\" \/>\n\t<meta property=\"og:image:type\" content=\"image\/jpeg\" \/>\n<meta name=\"twitter:card\" content=\"summary_large_image\" \/>\n<meta name=\"twitter:label1\" content=\"Gesch\u00e4tzte Lesezeit\" \/>\n\t<meta name=\"twitter:data1\" content=\"2\u00a0Minuten\" \/>\n<script type=\"application\/ld+json\" class=\"yoast-schema-graph\">{\"@context\":\"https:\/\/schema.org\",\"@graph\":[{\"@type\":\"WebPage\",\"@id\":\"https:\/\/loadex.lt\/ekspedicijos-paslaugos\/\",\"url\":\"https:\/\/loadex.lt\/ekspedicijos-paslaugos\/\",\"name\":\"Spedition - Loadex\",\"isPartOf\":{\"@id\":\"https:\/\/loadex.lt\/#website\"},\"datePublished\":\"2024-02-28T21:28:06+00:00\",\"dateModified\":\"2025-08-20T12:49:44+00:00\",\"breadcrumb\":{\"@id\":\"https:\/\/loadex.lt\/ekspedicijos-paslaugos\/#breadcrumb\"},\"inLanguage\":\"de\",\"potentialAction\":[{\"@type\":\"ReadAction\",\"target\":[\"https:\/\/loadex.lt\/ekspedicijos-paslaugos\/\"]}]},{\"@type\":\"BreadcrumbList\",\"@id\":\"https:\/\/loadex.lt\/ekspedicijos-paslaugos\/#breadcrumb\",\"itemListElement\":[{\"@type\":\"ListItem\",\"position\":1,\"name\":\"Home\",\"item\":\"https:\/\/loadex.lt\/de\/\"},{\"@type\":\"ListItem\",\"position\":2,\"name\":\"Spedition\"}]},{\"@type\":\"WebSite\",\"@id\":\"https:\/\/loadex.lt\/#website\",\"url\":\"https:\/\/loadex.lt\/\",\"name\":\"TOP AUTO Logistik\",\"description\":\"\",\"publisher\":{\"@id\":\"https:\/\/loadex.lt\/#organization\"},\"potentialAction\":[{\"@type\":\"SearchAction\",\"target\":{\"@type\":\"EntryPoint\",\"urlTemplate\":\"https:\/\/loadex.lt\/?s={search_term_string}\"},\"query-input\":{\"@type\":\"PropertyValueSpecification\",\"valueRequired\":true,\"valueName\":\"search_term_string\"}}],\"inLanguage\":\"de\"},{\"@type\":\"Organization\",\"@id\":\"https:\/\/loadex.lt\/#organization\",\"name\":\"TOP AUTO Logistik\",\"url\":\"https:\/\/loadex.lt\/\",\"logo\":{\"@type\":\"ImageObject\",\"inLanguage\":\"de\",\"@id\":\"https:\/\/loadex.lt\/#\/schema\/logo\/image\/\",\"url\":\"https:\/\/loadex.lt\/wp-content\/uploads\/2025\/05\/logo-colored.svg\",\"contentUrl\":\"https:\/\/loadex.lt\/wp-content\/uploads\/2025\/05\/logo-colored.svg\",\"width\":1,\"height\":1,\"caption\":\"TOP AUTO Logistik\"},\"image\":{\"@id\":\"https:\/\/loadex.lt\/#\/schema\/logo\/image\/\"}}]}<\/script>\n<!-- \/ Yoast SEO plugin. -->","yoast_head_json":{"title":"Spedition - Loadex","robots":{"index":"index","follow":"follow","max-snippet":"max-snippet:-1","max-image-preview":"max-image-preview:large","max-video-preview":"max-video-preview:-1"},"canonical":"https:\/\/loadex.lt\/ekspedicijos-paslaugos\/","og_locale":"de_DE","og_type":"article","og_title":"Spedition - Loadex","og_description":"[vc_row full_width=&#8220;stretch_row&#8220; bg_type=&#8220;image&#8220; parallax_style=&#8220;vcpb-vz-jquery&#8220; bg_image_new=&#8220;id^550|url^https:\/\/loadex.lt\/wp-content\/uploads\/2025\/07\/Fonas_01.png|caption^null|alt^null|title^Fonas_01|description^null&#8220; bg_image_repeat=&#8220;no-repeat&#8220; parallax_content=&#8220;parallax_content_value&#8220; parallax_content_sense=&#8220;20&#8243; fadeout_row=&#8220;fadeout_row_value&#8220; fadeout_start_effect=&#8220;70&#8243; css=&#8220;.vc_custom_1753013725530{margin-top: -70px !important;padding-top: 230px !important;padding-bottom: 100px !important;}&#8220; el_class=&#8220;hero&#8220;][vc_column width=&#8220;1\/12&#8243;][\/vc_column][vc_column width=&#8220;10\/12&#8243;][vc_custom_heading text=&#8220;Spedition&#8220; font_container=&#8220;tag:h1|text_align:center|color:%23ffffff&#8220; use_theme_fonts=&#8220;yes&#8220; css=&#8220;.vc_custom_1755694074254{margin-top: -100px !important;padding-bottom: 30px !important;}&#8220;][vc_row_inner][vc_column_inner width=&#8220;1\/6&#8243;][\/vc_column_inner][vc_column_inner width=&#8220;2\/3&#8243;][vc_column_text css=&#8220;&#8220; el_class=&#8220;white&#8220;] Wir organisieren den G\u00fcterverkehr durch zuverl\u00e4ssige Partner, sorgen f\u00fcr die Optimierung der Routen und k\u00fcmmern uns um den gesamten Logistikprozess von der Verladung&hellip;","og_url":"https:\/\/loadex.lt\/ekspedicijos-paslaugos\/","og_site_name":"Loadex","article_modified_time":"2025-08-20T12:49:44+00:00","og_image":[{"width":2500,"height":1875,"url":"https:\/\/loadex.lt\/wp-content\/uploads\/2025\/08\/1.jpg","type":"image\/jpeg"}],"twitter_card":"summary_large_image","twitter_misc":{"Gesch\u00e4tzte Lesezeit":"2\u00a0Minuten"},"schema":{"@context":"https:\/\/schema.org","@graph":[{"@type":"WebPage","@id":"https:\/\/loadex.lt\/ekspedicijos-paslaugos\/","url":"https:\/\/loadex.lt\/ekspedicijos-paslaugos\/","name":"Spedition - Loadex","isPartOf":{"@id":"https:\/\/loadex.lt\/#website"},"datePublished":"2024-02-28T21:28:06+00:00","dateModified":"2025-08-20T12:49:44+00:00","breadcrumb":{"@id":"https:\/\/loadex.lt\/ekspedicijos-paslaugos\/#breadcrumb"},"inLanguage":"de","potentialAction":[{"@type":"ReadAction","target":["https:\/\/loadex.lt\/ekspedicijos-paslaugos\/"]}]},{"@type":"BreadcrumbList","@id":"https:\/\/loadex.lt\/ekspedicijos-paslaugos\/#breadcrumb","itemListElement":[{"@type":"ListItem","position":1,"name":"Home","item":"https:\/\/loadex.lt\/de\/"},{"@type":"ListItem","position":2,"name":"Spedition"}]},{"@type":"WebSite","@id":"https:\/\/loadex.lt\/#website","url":"https:\/\/loadex.lt\/","name":"TOP AUTO Logistik","description":"","publisher":{"@id":"https:\/\/loadex.lt\/#organization"},"potentialAction":[{"@type":"SearchAction","target":{"@type":"EntryPoint","urlTemplate":"https:\/\/loadex.lt\/?s={search_term_string}"},"query-input":{"@type":"PropertyValueSpecification","valueRequired":true,"valueName":"search_term_string"}}],"inLanguage":"de"},{"@type":"Organization","@id":"https:\/\/loadex.lt\/#organization","name":"TOP AUTO Logistik","url":"https:\/\/loadex.lt\/","logo":{"@type":"ImageObject","inLanguage":"de","@id":"https:\/\/loadex.lt\/#\/schema\/logo\/image\/","url":"https:\/\/loadex.lt\/wp-content\/uploads\/2025\/05\/logo-colored.svg","contentUrl":"https:\/\/loadex.lt\/wp-content\/uploads\/2025\/05\/logo-colored.svg","width":1,"height":1,"caption":"TOP AUTO Logistik"},"image":{"@id":"https:\/\/loadex.lt\/#\/schema\/logo\/image\/"}}]}},"_links":{"self":[{"href":"https:\/\/loadex.lt\/de\/wp-json\/wp\/v2\/pages\/730","targetHints":{"allow":["GET"]}}],"collection":[{"href":"https:\/\/loadex.lt\/de\/wp-json\/wp\/v2\/pages"}],"about":[{"href":"https:\/\/loadex.lt\/de\/wp-json\/wp\/v2\/types\/page"}],"author":[{"embeddable":true,"href":"https:\/\/loadex.lt\/de\/wp-json\/wp\/v2\/users\/1"}],"replies":[{"embeddable":true,"href":"https:\/\/loadex.lt\/de\/wp-json\/wp\/v2\/comments?post=730"}],"version-history":[{"count":3,"href":"https:\/\/loadex.lt\/de\/wp-json\/wp\/v2\/pages\/730\/revisions"}],"predecessor-version":[{"id":770,"href":"https:\/\/loadex.lt\/de\/wp-json\/wp\/v2\/pages\/730\/revisions\/770"}],"wp:attachment":[{"href":"https:\/\/loadex.lt\/de\/wp-json\/wp\/v2\/media?parent=730"}],"curies":[{"name":"wp","href":"https:\/\/api.w.org\/{rel}","templated":true}]}}