{"id":731,"date":"2024-07-04T12:58:37","date_gmt":"2024-07-04T12:58:37","guid":{"rendered":"https:\/\/loadex.lt\/sunkvezimiu-servisas\/"},"modified":"2025-08-20T12:52:20","modified_gmt":"2025-08-20T12:52:20","slug":"lkw-service","status":"publish","type":"page","link":"https:\/\/loadex.lt\/de\/lkw-service\/","title":{"rendered":"LKW-Service"},"content":{"rendered":"<div class=\"wpb-content-wrapper\"><p>[vc_row gap=&#8220;30&#8243; equal_height=&#8220;yes&#8220; content_placement=&#8220;middle&#8220; css_animation=&#8220;none&#8220; el_class=&#8220;hero-mobile&#8220;][vc_column css_animation=&#8220;fadeInLeft&#8220; width=&#8220;1\/2&#8243; css=&#8220;.vc_custom_1743958212778{padding-right: 40px !important;padding-left: 40px !important;background-color: #f8f8f8 !important;border-radius: 20px !important;}&#8220;][vc_custom_heading text=&#8220;Service in Litauen und Deutschland.&#8220; font_container=&#8220;tag:h4|text_align:left&#8220; use_theme_fonts=&#8220;yes&#8220; css=&#8220;.vc_custom_1755694205244{padding-bottom: 30px !important;}&#8220;]<div class=\"standard-arrow list-divider bullet-top\"><ul>\n<li>Moderne, hochwertig ausgestattete LKW-Werkst\u00e4tten.<\/li>\n<li>Wartung, Fehlersuche und -behebung an LKWs (LKWs, Anh\u00e4nger, Sattelauflieger).<\/li>\n<li>Technischer Service f\u00fcr Fahrer unterwegs<\/li>\n<li>Originalteile und qualifizierte Fachleute<\/li>\n<li>Abschluss langfristiger Kooperationsvertr\u00e4ge auf Wunsch.<\/li>\n<\/ul>\n<\/div>[\/vc_column][vc_column css_animation=&#8220;fadeInRight&#8220; width=&#8220;1\/2&#8243; css=&#8220;.vc_custom_1743958225000{padding-top: 0px !important;padding-right: 0px !important;padding-left: 0px !important;}&#8220;][vc_single_image image=&#8220;270&#8243; img_size=&#8220;full&#8220; alignment=&#8220;center&#8220; css=&#8220;.vc_custom_1743957961273{margin-bottom: 0px !important;}&#8220; el_class=&#8220;round&#8220;][\/vc_column][\/vc_row][vc_row gap=&#8220;30&#8243; equal_height=&#8220;yes&#8220; content_placement=&#8220;middle&#8220; css_animation=&#8220;none&#8220; el_class=&#8220;hero-mobile&#8220; css=&#8220;.vc_custom_1742235782653{margin-top: 20px !important;}&#8220;][vc_column css_animation=&#8220;fadeInLeft&#8220; width=&#8220;1\/2&#8243; css=&#8220;.vc_custom_1743958219100{padding-top: 0px !important;padding-right: 0px !important;padding-left: 0px !important;}&#8220;][vc_single_image image=&#8220;273&#8243; img_size=&#8220;full&#8220; alignment=&#8220;center&#8220; css=&#8220;.vc_custom_1743958027574{margin-bottom: 0px !important;}&#8220; el_class=&#8220;round&#8220;][\/vc_column][vc_column css_animation=&#8220;fadeInRight&#8220; width=&#8220;1\/2&#8243; css=&#8220;.vc_custom_1743958230253{padding-right: 40px !important;padding-left: 40px !important;background-color: #f8f8f8 !important;border-radius: 20px !important;}&#8220;][vc_custom_heading text=&#8220;Reparaturwerkstatt&#8220; font_container=&#8220;tag:h3|text_align:left&#8220; use_theme_fonts=&#8220;yes&#8220; css=&#8220;.vc_custom_1755694228135{padding-bottom: 30px !important;}&#8220;]<div class=\"standard-arrow list-divider bullet-top\"><p>Diagnose und Reparatur von LKW-Fahrgestellen<\/p>\n<p>Kleine oder vollst\u00e4ndige Reparatur von Motoren, Getrieben und Untersetzungsgetrieben<\/p>\n<p>Diagnose und Reparatur von Luftfederungssystemen<\/p>\n<p>Diagnose und Reparatur von elektrischer Ausstattung<\/p>\n<p>Reparatur von Hydrauliksystemen<\/p>\n<p>Reparatur und Herstellung von Hochdruck-Hydraulikschl\u00e4uchen<\/p>\n<p>Bremssystemreparatur und Effizienzdiagnose<\/p>\n<p>Reparatur von autonomen Heizger\u00e4ten<\/p>\n<p>Schwei\u00dfen von rostfreiem Stahl, Aluminium und dessen Legierungen in der Atmosph\u00e4re f\u00fcr Argon<\/p>\n<p>Kfz-Reparaturen nach einem Unfall<\/p>\n<p>Reifenmontage<\/p>\n<p>Reparatur und Bef\u00fcllung von Klimaanlagen<\/p>\n<p>Vorbereitung und Lackierung von Karosserien<\/p>\n<p>Vorbereitung und Lackierung von Einzelteilen<\/p>\n<p>Wartung<\/p>\n<p>Reparatur- und Schwei\u00dfarbeiten von Autotransporteraufbauen<\/p>\n<p>Lackierung von Autotransportern<\/p>\n<\/div>[\/vc_column][\/vc_row][vc_row gap=&#8220;20&#8243; equal_height=&#8220;yes&#8220; content_placement=&#8220;top&#8220; css_animation=&#8220;fadeInUp&#8220; css=&#8220;.vc_custom_1743958240979{margin-top: 50px !important;}&#8220;][vc_column width=&#8220;1\/3&#8243; css=&#8220;.vc_custom_1742239890498{border-top-width: 1px !important;border-right-width: 1px !important;border-bottom-width: 1px !important;border-left-width: 1px !important;border-left-style: solid !important;border-right-style: solid !important;border-top-style: solid !important;border-bottom-style: solid !important;border-radius: 10px !important;border-color: #f1f1f1 !important;}&#8220;][vc_custom_heading text=&#8220;10+&#8220; font_container=&#8220;tag:h2|text_align:center|color:%23FDB71A&#8220; use_theme_fonts=&#8220;yes&#8220; css=&#8220;&#8220; el_class=&#8220;red-heading&#8220;][vc_column_text css=&#8220;&#8220;]<\/p>\n<p style=\"text-align: center;\">Jahre Erfahrung<\/p>\n<p>[\/vc_column_text][\/vc_column][vc_column width=&#8220;1\/3&#8243; css=&#8220;.vc_custom_1742239951164{border-top-width: 1px !important;border-right-width: 1px !important;border-bottom-width: 1px !important;border-left-width: 1px !important;border-left-style: solid !important;border-right-style: solid !important;border-top-style: solid !important;border-bottom-style: solid !important;border-radius: 10px !important;border-color: #f1f1f1 !important;}&#8220;][vc_custom_heading text=&#8220;7&#8243; font_container=&#8220;tag:h2|text_align:center|color:%23FDB71A&#8220; use_theme_fonts=&#8220;yes&#8220; css=&#8220;&#8220; el_class=&#8220;red-heading&#8220;][vc_column_text css=&#8220;&#8220;]<\/p>\n<p style=\"text-align: center;\">Team von Fachleuten<\/p>\n<p>[\/vc_column_text][\/vc_column][vc_column width=&#8220;1\/3&#8243; css=&#8220;.vc_custom_1742239964623{border-top-width: 1px !important;border-right-width: 1px !important;border-bottom-width: 1px !important;border-left-width: 1px !important;border-left-style: solid !important;border-right-style: solid !important;border-top-style: solid !important;border-bottom-style: solid !important;border-radius: 10px !important;border-color: #f1f1f1 !important;}&#8220;][vc_custom_heading text=&#8220;2&#8243; font_container=&#8220;tag:h2|text_align:center|color:%23FDB71A&#8220; use_theme_fonts=&#8220;yes&#8220; css=&#8220;&#8220; el_class=&#8220;red-heading&#8220;][vc_column_text css=&#8220;&#8220;]<\/p>\n<p style=\"text-align: center;\">Service (Litauen und Deutschland)<\/p>\n<p>[\/vc_column_text][\/vc_column][\/vc_row][vc_row full_width=&#8220;stretch_row&#8220; full_height=&#8220;yes&#8220; content_placement=&#8220;middle&#8220; css_animation=&#8220;fadeInUp&#8220; bg_type=&#8220;image&#8220; parallax_style=&#8220;vcpb-vz-jquery&#8220; bg_image_new=&#8220;id^558|url^https:\/\/loadex.lt\/wp-content\/uploads\/2025\/07\/loadex_bg-1.jpg|caption^null|alt^null|title^loadex_bg|description^null&#8220; bg_image_repeat=&#8220;no-repeat&#8220; css=&#8220;.vc_custom_1753013808588{margin-top: 70px !important;margin-bottom: -70px !important;}&#8220;][vc_column width=&#8220;1\/6&#8243;][\/vc_column][vc_column width=&#8220;2\/3&#8243;][vc_custom_heading text=&#8220;Haben Sie fragen?&#8220; font_container=&#8220;tag:h2|text_align:center|color:%23ffffff&#8220; use_theme_fonts=&#8220;yes&#8220; css=&#8220;.vc_custom_1755694330165{padding-bottom: 30px !important;}&#8220;]<style type=\"text\/css\" data-type=\"the7_shortcodes-inline-css\">#default-btn-c3cb0eeb49ce558ed9fdc7f17fc1a985.ico-right-side > i {\n  margin-right: 0px;\n  margin-left: 8px;\n}\n#default-btn-c3cb0eeb49ce558ed9fdc7f17fc1a985 > i {\n  margin-right: 8px;\n}<\/style><div class=\"btn-align-center\"><a href=\"https:\/\/loadex.lt\/de\/kontakte\/\" class=\"default-btn-shortcode dt-btn dt-btn-l link-hover-off  vc_custom_1755694338548\" id=\"default-btn-c3cb0eeb49ce558ed9fdc7f17fc1a985\" title=\"Kontakte\"><span>Kontaktieren Sie uns<\/span><\/a><\/div>[\/vc_column][vc_column width=&#8220;1\/6&#8243;][\/vc_column][\/vc_row]<\/p>\n<\/div>","protected":false},"excerpt":{"rendered":"<p>[vc_row gap=&#8220;30&#8243; equal_height=&#8220;yes&#8220; content_placement=&#8220;middle&#8220; css_animation=&#8220;none&#8220; el_class=&#8220;hero-mobile&#8220;][vc_column css_animation=&#8220;fadeInLeft&#8220; width=&#8220;1\/2&#8243; css=&#8220;.vc_custom_1743958212778{padding-right: 40px !important;padding-left: 40px !important;background-color: #f8f8f8 !important;border-radius: 20px !important;}&#8220;][vc_custom_heading text=&#8220;Service in Litauen und Deutschland.&#8220; font_container=&#8220;tag:h4|text_align:left&#8220; use_theme_fonts=&#8220;yes&#8220; css=&#8220;.vc_custom_1755694205244{padding-bottom: 30px !important;}&#8220;][\/vc_column][vc_column css_animation=&#8220;fadeInRight&#8220; width=&#8220;1\/2&#8243; css=&#8220;.vc_custom_1743958225000{padding-top: 0px !important;padding-right: 0px !important;padding-left: 0px !important;}&#8220;][vc_single_image image=&#8220;270&#8243; img_size=&#8220;full&#8220; alignment=&#8220;center&#8220; css=&#8220;.vc_custom_1743957961273{margin-bottom: 0px !important;}&#8220; el_class=&#8220;round&#8220;][\/vc_column][\/vc_row][vc_row gap=&#8220;30&#8243; equal_height=&#8220;yes&#8220; content_placement=&#8220;middle&#8220; css_animation=&#8220;none&#8220; el_class=&#8220;hero-mobile&#8220; css=&#8220;.vc_custom_1742235782653{margin-top: 20px !important;}&#8220;][vc_column css_animation=&#8220;fadeInLeft&#8220; width=&#8220;1\/2&#8243; css=&#8220;.vc_custom_1743958219100{padding-top: 0px&hellip;<\/p>\n","protected":false},"author":1,"featured_media":0,"parent":0,"menu_order":0,"comment_status":"closed","ping_status":"closed","template":"","meta":{"footnotes":""},"class_list":["post-731","page","type-page","status-publish","hentry","description-off"],"yoast_head":"<!-- This site is optimized with the Yoast SEO plugin v27.0 - https:\/\/yoast.com\/product\/yoast-seo-wordpress\/ -->\n<title>LKW-Service - Loadex<\/title>\n<meta name=\"robots\" content=\"index, follow, max-snippet:-1, max-image-preview:large, max-video-preview:-1\" \/>\n<link rel=\"canonical\" href=\"https:\/\/loadex.lt\/sunkvezimiu-servisas\/\" \/>\n<meta property=\"og:locale\" content=\"de_DE\" \/>\n<meta property=\"og:type\" content=\"article\" \/>\n<meta property=\"og:title\" content=\"LKW-Service - Loadex\" \/>\n<meta property=\"og:description\" content=\"[vc_row gap=&#8220;30&#8243; equal_height=&#8220;yes&#8220; content_placement=&#8220;middle&#8220; css_animation=&#8220;none&#8220; el_class=&#8220;hero-mobile&#8220;][vc_column css_animation=&#8220;fadeInLeft&#8220; width=&#8220;1\/2&#8243; css=&#8220;.vc_custom_1743958212778{padding-right: 40px !important;padding-left: 40px !important;background-color: #f8f8f8 !important;border-radius: 20px !important;}&#8220;][vc_custom_heading text=&#8220;Service in Litauen und Deutschland.&#8220; font_container=&#8220;tag:h4|text_align:left&#8220; use_theme_fonts=&#8220;yes&#8220; css=&#8220;.vc_custom_1755694205244{padding-bottom: 30px !important;}&#8220;][\/vc_column][vc_column css_animation=&#8220;fadeInRight&#8220; width=&#8220;1\/2&#8243; css=&#8220;.vc_custom_1743958225000{padding-top: 0px !important;padding-right: 0px !important;padding-left: 0px !important;}&#8220;][vc_single_image image=&#8220;270&#8243; img_size=&#8220;full&#8220; alignment=&#8220;center&#8220; css=&#8220;.vc_custom_1743957961273{margin-bottom: 0px !important;}&#8220; el_class=&#8220;round&#8220;][\/vc_column][\/vc_row][vc_row gap=&#8220;30&#8243; equal_height=&#8220;yes&#8220; content_placement=&#8220;middle&#8220; css_animation=&#8220;none&#8220; el_class=&#8220;hero-mobile&#8220; css=&#8220;.vc_custom_1742235782653{margin-top: 20px !important;}&#8220;][vc_column css_animation=&#8220;fadeInLeft&#8220; width=&#8220;1\/2&#8243; css=&#8220;.vc_custom_1743958219100{padding-top: 0px&hellip;\" \/>\n<meta property=\"og:url\" content=\"https:\/\/loadex.lt\/sunkvezimiu-servisas\/\" \/>\n<meta property=\"og:site_name\" content=\"Loadex\" \/>\n<meta property=\"article:modified_time\" content=\"2025-08-20T12:52:20+00:00\" \/>\n<meta property=\"og:image\" content=\"https:\/\/loadex.lt\/wp-content\/uploads\/2025\/08\/1.jpg\" \/>\n\t<meta property=\"og:image:width\" content=\"2500\" \/>\n\t<meta property=\"og:image:height\" content=\"1875\" \/>\n\t<meta property=\"og:image:type\" content=\"image\/jpeg\" \/>\n<meta name=\"twitter:card\" content=\"summary_large_image\" \/>\n<meta name=\"twitter:label1\" content=\"Gesch\u00e4tzte Lesezeit\" \/>\n\t<meta name=\"twitter:data1\" content=\"2\u00a0Minuten\" \/>\n<script type=\"application\/ld+json\" class=\"yoast-schema-graph\">{\"@context\":\"https:\/\/schema.org\",\"@graph\":[{\"@type\":\"WebPage\",\"@id\":\"https:\/\/loadex.lt\/sunkvezimiu-servisas\/\",\"url\":\"https:\/\/loadex.lt\/sunkvezimiu-servisas\/\",\"name\":\"LKW-Service - Loadex\",\"isPartOf\":{\"@id\":\"https:\/\/loadex.lt\/#website\"},\"datePublished\":\"2024-07-04T12:58:37+00:00\",\"dateModified\":\"2025-08-20T12:52:20+00:00\",\"breadcrumb\":{\"@id\":\"https:\/\/loadex.lt\/sunkvezimiu-servisas\/#breadcrumb\"},\"inLanguage\":\"de\",\"potentialAction\":[{\"@type\":\"ReadAction\",\"target\":[\"https:\/\/loadex.lt\/sunkvezimiu-servisas\/\"]}]},{\"@type\":\"BreadcrumbList\",\"@id\":\"https:\/\/loadex.lt\/sunkvezimiu-servisas\/#breadcrumb\",\"itemListElement\":[{\"@type\":\"ListItem\",\"position\":1,\"name\":\"Home\",\"item\":\"https:\/\/loadex.lt\/de\/\"},{\"@type\":\"ListItem\",\"position\":2,\"name\":\"LKW-Service\"}]},{\"@type\":\"WebSite\",\"@id\":\"https:\/\/loadex.lt\/#website\",\"url\":\"https:\/\/loadex.lt\/\",\"name\":\"TOP AUTO Logistik\",\"description\":\"\",\"publisher\":{\"@id\":\"https:\/\/loadex.lt\/#organization\"},\"potentialAction\":[{\"@type\":\"SearchAction\",\"target\":{\"@type\":\"EntryPoint\",\"urlTemplate\":\"https:\/\/loadex.lt\/?s={search_term_string}\"},\"query-input\":{\"@type\":\"PropertyValueSpecification\",\"valueRequired\":true,\"valueName\":\"search_term_string\"}}],\"inLanguage\":\"de\"},{\"@type\":\"Organization\",\"@id\":\"https:\/\/loadex.lt\/#organization\",\"name\":\"TOP AUTO Logistik\",\"url\":\"https:\/\/loadex.lt\/\",\"logo\":{\"@type\":\"ImageObject\",\"inLanguage\":\"de\",\"@id\":\"https:\/\/loadex.lt\/#\/schema\/logo\/image\/\",\"url\":\"https:\/\/loadex.lt\/wp-content\/uploads\/2025\/05\/logo-colored.svg\",\"contentUrl\":\"https:\/\/loadex.lt\/wp-content\/uploads\/2025\/05\/logo-colored.svg\",\"width\":1,\"height\":1,\"caption\":\"TOP AUTO Logistik\"},\"image\":{\"@id\":\"https:\/\/loadex.lt\/#\/schema\/logo\/image\/\"}}]}<\/script>\n<!-- \/ Yoast SEO plugin. -->","yoast_head_json":{"title":"LKW-Service - Loadex","robots":{"index":"index","follow":"follow","max-snippet":"max-snippet:-1","max-image-preview":"max-image-preview:large","max-video-preview":"max-video-preview:-1"},"canonical":"https:\/\/loadex.lt\/sunkvezimiu-servisas\/","og_locale":"de_DE","og_type":"article","og_title":"LKW-Service - Loadex","og_description":"[vc_row gap=&#8220;30&#8243; equal_height=&#8220;yes&#8220; content_placement=&#8220;middle&#8220; css_animation=&#8220;none&#8220; el_class=&#8220;hero-mobile&#8220;][vc_column css_animation=&#8220;fadeInLeft&#8220; width=&#8220;1\/2&#8243; css=&#8220;.vc_custom_1743958212778{padding-right: 40px !important;padding-left: 40px !important;background-color: #f8f8f8 !important;border-radius: 20px !important;}&#8220;][vc_custom_heading text=&#8220;Service in Litauen und Deutschland.&#8220; font_container=&#8220;tag:h4|text_align:left&#8220; use_theme_fonts=&#8220;yes&#8220; css=&#8220;.vc_custom_1755694205244{padding-bottom: 30px !important;}&#8220;][\/vc_column][vc_column css_animation=&#8220;fadeInRight&#8220; width=&#8220;1\/2&#8243; css=&#8220;.vc_custom_1743958225000{padding-top: 0px !important;padding-right: 0px !important;padding-left: 0px !important;}&#8220;][vc_single_image image=&#8220;270&#8243; img_size=&#8220;full&#8220; alignment=&#8220;center&#8220; css=&#8220;.vc_custom_1743957961273{margin-bottom: 0px !important;}&#8220; el_class=&#8220;round&#8220;][\/vc_column][\/vc_row][vc_row gap=&#8220;30&#8243; equal_height=&#8220;yes&#8220; content_placement=&#8220;middle&#8220; css_animation=&#8220;none&#8220; el_class=&#8220;hero-mobile&#8220; css=&#8220;.vc_custom_1742235782653{margin-top: 20px !important;}&#8220;][vc_column css_animation=&#8220;fadeInLeft&#8220; width=&#8220;1\/2&#8243; css=&#8220;.vc_custom_1743958219100{padding-top: 0px&hellip;","og_url":"https:\/\/loadex.lt\/sunkvezimiu-servisas\/","og_site_name":"Loadex","article_modified_time":"2025-08-20T12:52:20+00:00","og_image":[{"width":2500,"height":1875,"url":"https:\/\/loadex.lt\/wp-content\/uploads\/2025\/08\/1.jpg","type":"image\/jpeg"}],"twitter_card":"summary_large_image","twitter_misc":{"Gesch\u00e4tzte Lesezeit":"2\u00a0Minuten"},"schema":{"@context":"https:\/\/schema.org","@graph":[{"@type":"WebPage","@id":"https:\/\/loadex.lt\/sunkvezimiu-servisas\/","url":"https:\/\/loadex.lt\/sunkvezimiu-servisas\/","name":"LKW-Service - Loadex","isPartOf":{"@id":"https:\/\/loadex.lt\/#website"},"datePublished":"2024-07-04T12:58:37+00:00","dateModified":"2025-08-20T12:52:20+00:00","breadcrumb":{"@id":"https:\/\/loadex.lt\/sunkvezimiu-servisas\/#breadcrumb"},"inLanguage":"de","potentialAction":[{"@type":"ReadAction","target":["https:\/\/loadex.lt\/sunkvezimiu-servisas\/"]}]},{"@type":"BreadcrumbList","@id":"https:\/\/loadex.lt\/sunkvezimiu-servisas\/#breadcrumb","itemListElement":[{"@type":"ListItem","position":1,"name":"Home","item":"https:\/\/loadex.lt\/de\/"},{"@type":"ListItem","position":2,"name":"LKW-Service"}]},{"@type":"WebSite","@id":"https:\/\/loadex.lt\/#website","url":"https:\/\/loadex.lt\/","name":"TOP AUTO Logistik","description":"","publisher":{"@id":"https:\/\/loadex.lt\/#organization"},"potentialAction":[{"@type":"SearchAction","target":{"@type":"EntryPoint","urlTemplate":"https:\/\/loadex.lt\/?s={search_term_string}"},"query-input":{"@type":"PropertyValueSpecification","valueRequired":true,"valueName":"search_term_string"}}],"inLanguage":"de"},{"@type":"Organization","@id":"https:\/\/loadex.lt\/#organization","name":"TOP AUTO Logistik","url":"https:\/\/loadex.lt\/","logo":{"@type":"ImageObject","inLanguage":"de","@id":"https:\/\/loadex.lt\/#\/schema\/logo\/image\/","url":"https:\/\/loadex.lt\/wp-content\/uploads\/2025\/05\/logo-colored.svg","contentUrl":"https:\/\/loadex.lt\/wp-content\/uploads\/2025\/05\/logo-colored.svg","width":1,"height":1,"caption":"TOP AUTO Logistik"},"image":{"@id":"https:\/\/loadex.lt\/#\/schema\/logo\/image\/"}}]}},"_links":{"self":[{"href":"https:\/\/loadex.lt\/de\/wp-json\/wp\/v2\/pages\/731","targetHints":{"allow":["GET"]}}],"collection":[{"href":"https:\/\/loadex.lt\/de\/wp-json\/wp\/v2\/pages"}],"about":[{"href":"https:\/\/loadex.lt\/de\/wp-json\/wp\/v2\/types\/page"}],"author":[{"embeddable":true,"href":"https:\/\/loadex.lt\/de\/wp-json\/wp\/v2\/users\/1"}],"replies":[{"embeddable":true,"href":"https:\/\/loadex.lt\/de\/wp-json\/wp\/v2\/comments?post=731"}],"version-history":[{"count":3,"href":"https:\/\/loadex.lt\/de\/wp-json\/wp\/v2\/pages\/731\/revisions"}],"predecessor-version":[{"id":772,"href":"https:\/\/loadex.lt\/de\/wp-json\/wp\/v2\/pages\/731\/revisions\/772"}],"wp:attachment":[{"href":"https:\/\/loadex.lt\/de\/wp-json\/wp\/v2\/media?parent=731"}],"curies":[{"name":"wp","href":"https:\/\/api.w.org\/{rel}","templated":true}]}}