{"id":732,"date":"2024-02-28T21:28:23","date_gmt":"2024-02-28T21:28:23","guid":{"rendered":"https:\/\/loadex.lt\/apie-mus\/"},"modified":"2025-08-20T12:57:41","modified_gmt":"2025-08-20T12:57:41","slug":"ueber-uns","status":"publish","type":"page","link":"https:\/\/loadex.lt\/de\/ueber-uns\/","title":{"rendered":"\u00dcber uns"},"content":{"rendered":"<div class=\"wpb-content-wrapper\"><p>[vc_row gap=&#8220;30&#8243; equal_height=&#8220;yes&#8220;][vc_column css_animation=&#8220;fadeInLeft&#8220; width=&#8220;1\/2&#8243;][vc_custom_heading text=&#8220;Unsere Vision&#8220; font_container=&#8220;tag:h3|text_align:center|color:%23FDB71A&#8220; use_theme_fonts=&#8220;yes&#8220; css=&#8220;&#8220;][vc_separator css=&#8220;&#8220;][vc_column_text css=&#8220;&#8220;]<\/p>\n<p style=\"text-align: center;\">Wir m\u00f6chten ein f\u00fchrendes Logistikunternehmen in Europa werden, das f\u00fcr Qualit\u00e4t, Innovation und langfristige Zusammenarbeit gesch\u00e4tzt wird.<\/p>\n<p>[\/vc_column_text][\/vc_column][vc_column css_animation=&#8220;fadeInRight&#8220; width=&#8220;1\/2&#8243;][vc_custom_heading text=&#8220;Unsere Mission&#8220; font_container=&#8220;tag:h3|text_align:center|color:%23FDB71A&#8220; use_theme_fonts=&#8220;yes&#8220; css=&#8220;&#8220;][vc_separator css=&#8220;&#8220;][vc_column_text css=&#8220;&#8220;]<\/p>\n<p style=\"text-align: center;\">Bereitstellung sicherer, pr\u00e4ziser und zuverl\u00e4ssiger Logistikl\u00f6sungen in ganz Europa.<\/p>\n<p>[\/vc_column_text][\/vc_column][\/vc_row][vc_row gap=&#8220;30&#8243; equal_height=&#8220;yes&#8220; content_placement=&#8220;middle&#8220; css_animation=&#8220;none&#8220; el_class=&#8220;hero-mobile&#8220; css=&#8220;.vc_custom_1742235782653{margin-top: 20px !important;}&#8220;][vc_column css_animation=&#8220;fadeInLeft&#8220; width=&#8220;1\/2&#8243; css=&#8220;.vc_custom_1743958304960{padding-right: 40px !important;padding-left: 40px !important;background-color: #f8f8f8 !important;border-radius: 20px !important;}&#8220;]<div class=\"standard-arrow list-divider bullet-top\"><ul>\n<li>ISO 9001:2015, ISO 14001:2015 Normen<\/li>\n<li>Moderne Mercedes-Benz Actros 5 1845 (Solo Star) Sattelzugmaschinen (40+)<\/li>\n<li>Schmitz Cargobull-Sattelauflieger (40+)<\/li>\n<li>Service in Litauen und Deutschland<\/li>\n<\/ul>\n<\/div>[vc_column_text css=&#8220;&#8220;]Die Tochtergesellschaft \u201eLoadex GmbH\u201c, die \u00fcber eine deutsche G\u00fcterkraftverkehrserlaubnis verf\u00fcgt, unterst\u00fctzt unsere Gesch\u00e4ftst\u00e4tigkeit.<\/p>\n<p>\u201eLoadex GmbH\u201c geh\u00f6rt zur \u201eHermes Asset Management\u201c Gruppe, deren Ressourcen und Erfahrung effiziente Logistikl\u00f6sungen gew\u00e4hrleisten.<br \/>\n[\/vc_column_text][\/vc_column][vc_column css_animation=&#8220;fadeInRight&#8220; width=&#8220;1\/2&#8243; css=&#8220;.vc_custom_1743958309888{padding-top: 0px !important;padding-right: 0px !important;padding-left: 0px !important;}&#8220;][vc_single_image image=&#8220;671&#8243; img_size=&#8220;full&#8220; alignment=&#8220;center&#8220; css=&#8220;.vc_custom_1754913939961{margin-bottom: 0px !important;}&#8220; el_class=&#8220;round&#8220;][\/vc_column][\/vc_row][vc_row css_animation=&#8220;fadeInUp&#8220; css=&#8220;.vc_custom_1743958319230{margin-top: 50px !important;}&#8220;][vc_column][vc_custom_heading text=&#8220;Kundenservice&#8220; font_container=&#8220;tag:h3|text_align:left&#8220; use_theme_fonts=&#8220;yes&#8220; css=&#8220;.vc_custom_1755694408274{padding-bottom: 30px !important;}&#8220;][\/vc_column][\/vc_row][vc_row gap=&#8220;20&#8243; equal_height=&#8220;yes&#8220; content_placement=&#8220;top&#8220; css_animation=&#8220;fadeInUp&#8220;][vc_column width=&#8220;1\/4&#8243; css=&#8220;.vc_custom_1742239890498{border-top-width: 1px !important;border-right-width: 1px !important;border-bottom-width: 1px !important;border-left-width: 1px !important;border-left-style: solid !important;border-right-style: solid !important;border-top-style: solid !important;border-bottom-style: solid !important;border-radius: 10px !important;border-color: #f1f1f1 !important;}&#8220;][vc_custom_heading text=&#8220;24\/7 Kundenservice&#8220; font_container=&#8220;tag:h4|text_align:center|color:%23FDB71A&#8220; use_theme_fonts=&#8220;yes&#8220; css=&#8220;&#8220; el_class=&#8220;red-heading&#8220;][vc_column_text css=&#8220;&#8220; el_class=&#8220;dark-bottom&#8220;]<\/p>\n<p style=\"text-align: center;\">Wir unterst\u00fctzen Sie rund um die Uhr, um Ihre Anfragen schnell zu beantworten und Probleme zu l\u00f6sen.<\/p>\n<p>[\/vc_column_text][\/vc_column][vc_column width=&#8220;1\/4&#8243; css=&#8220;.vc_custom_1742239951164{border-top-width: 1px !important;border-right-width: 1px !important;border-bottom-width: 1px !important;border-left-width: 1px !important;border-left-style: solid !important;border-right-style: solid !important;border-top-style: solid !important;border-bottom-style: solid !important;border-radius: 10px !important;border-color: #f1f1f1 !important;}&#8220;][vc_custom_heading text=&#8220;Klare und transparente Kommunikation&#8220; font_container=&#8220;tag:h4|text_align:center|color:%23FDB71A&#8220; use_theme_fonts=&#8220;yes&#8220; css=&#8220;&#8220; el_class=&#8220;red-heading&#8220;][vc_column_text css=&#8220;&#8220; el_class=&#8220;dark-bottom&#8220;]<\/p>\n<p style=\"text-align: center;\">Wir informieren unsere Kunden \u00fcber ihre Lieferungen, einschlie\u00dflich Aktualisierungen der Verfolgung von Lieferungen, Verz\u00f6gerungen und alle m\u00f6glichen Probleme.<\/p>\n<p>[\/vc_column_text][\/vc_column][vc_column width=&#8220;1\/4&#8243; css=&#8220;.vc_custom_1742239964623{border-top-width: 1px !important;border-right-width: 1px !important;border-bottom-width: 1px !important;border-left-width: 1px !important;border-left-style: solid !important;border-right-style: solid !important;border-top-style: solid !important;border-bottom-style: solid !important;border-radius: 10px !important;border-color: #f1f1f1 !important;}&#8220;][vc_custom_heading text=&#8220;Mehrere Kommunikationskan\u00e4le&#8220; font_container=&#8220;tag:h4|text_align:center|color:%23FDB71A&#8220; use_theme_fonts=&#8220;yes&#8220; css=&#8220;&#8220; el_class=&#8220;red-heading&#8220;][vc_column_text css=&#8220;&#8220; el_class=&#8220;dark-bottom&#8220;]<\/p>\n<p style=\"text-align: center;\">Wir bieten verschiedene M\u00f6glichkeiten, mit unseren Kunden in Kontakt zu treten, beispielsweise per Telefon, E-Mail, WhatsApp und Viber.<\/p>\n<p>[\/vc_column_text][\/vc_column][vc_column width=&#8220;1\/4&#8243; css=&#8220;.vc_custom_1742239992251{border-top-width: 1px !important;border-right-width: 1px !important;border-bottom-width: 1px !important;border-left-width: 1px !important;border-left-style: solid !important;border-right-style: solid !important;border-top-style: solid !important;border-bottom-style: solid !important;border-radius: 10px !important;border-color: #f1f1f1 !important;}&#8220;][vc_custom_heading text=&#8220;Schnelle Reaktion und effektive L\u00f6sungen&#8220; font_container=&#8220;tag:h4|text_align:center|color:%23FDB71A&#8220; use_theme_fonts=&#8220;yes&#8220; css=&#8220;&#8220; el_class=&#8220;red-heading&#8220;][vc_column_text css=&#8220;&#8220; el_class=&#8220;dark-bottom&#8220;]<\/p>\n<p style=\"text-align: center;\">Wir bieten praktische und fristgerechte L\u00f6sungen f\u00fcr die entstandenen Probleme.<\/p>\n<p>[\/vc_column_text][\/vc_column][\/vc_row][vc_row gap=&#8220;20&#8243; equal_height=&#8220;yes&#8220; content_placement=&#8220;top&#8220; css_animation=&#8220;fadeInUp&#8220;][vc_column width=&#8220;1\/4&#8243; css=&#8220;.vc_custom_1742239890498{border-top-width: 1px !important;border-right-width: 1px !important;border-bottom-width: 1px !important;border-left-width: 1px !important;border-left-style: solid !important;border-right-style: solid !important;border-top-style: solid !important;border-bottom-style: solid !important;border-radius: 10px !important;border-color: #f1f1f1 !important;}&#8220;][vc_custom_heading text=&#8220;Ma\u00dfgeschneiderte L\u00f6sungen&#8220; font_container=&#8220;tag:h4|text_align:center|color:%23FDB71A&#8220; use_theme_fonts=&#8220;yes&#8220; css=&#8220;&#8220; el_class=&#8220;red-heading&#8220;][vc_column_text css=&#8220;&#8220; el_class=&#8220;dark-bottom&#8220;]<\/p>\n<p style=\"text-align: center;\">Wir bieten individuelle Transportl\u00f6sungen, die den besonderen Kundenbed\u00fcrfnissen entsprechen.<\/p>\n<p>[\/vc_column_text][\/vc_column][vc_column width=&#8220;1\/4&#8243; css=&#8220;.vc_custom_1742239951164{border-top-width: 1px !important;border-right-width: 1px !important;border-bottom-width: 1px !important;border-left-width: 1px !important;border-left-style: solid !important;border-right-style: solid !important;border-top-style: solid !important;border-bottom-style: solid !important;border-radius: 10px !important;border-color: #f1f1f1 !important;}&#8220;][vc_custom_heading text=&#8220;Verst\u00e4ndnis f\u00fcr Kundenbed\u00fcrfnisse&#8220; font_container=&#8220;tag:h4|text_align:center|color:%23FDB71A&#8220; use_theme_fonts=&#8220;yes&#8220; css=&#8220;&#8220; el_class=&#8220;red-heading&#8220;][vc_column_text css=&#8220;&#8220; el_class=&#8220;dark-bottom&#8220;]<\/p>\n<p style=\"text-align: center;\">Wir bem\u00fchen uns, die individuellen Kundenbed\u00fcrfnisse zu erkennen und unsere Dienstleistungen entsprechend anzupassen.<\/p>\n<p>[\/vc_column_text][\/vc_column][vc_column width=&#8220;1\/4&#8243; css=&#8220;.vc_custom_1742239964623{border-top-width: 1px !important;border-right-width: 1px !important;border-bottom-width: 1px !important;border-left-width: 1px !important;border-left-style: solid !important;border-right-style: solid !important;border-top-style: solid !important;border-bottom-style: solid !important;border-radius: 10px !important;border-color: #f1f1f1 !important;}&#8220;][vc_custom_heading text=&#8220;Management der Gesch\u00e4ftsbeziehungen&#8220; font_container=&#8220;tag:h4|text_align:center|color:%23FDB71A&#8220; use_theme_fonts=&#8220;yes&#8220; css=&#8220;&#8220; el_class=&#8220;red-heading&#8220;][vc_column_text css=&#8220;&#8220; el_class=&#8220;dark-bottom&#8220;]<\/p>\n<p style=\"text-align: center;\">Durch den Einsatz von CRM-Systemen k\u00f6nnen wir Ihnen effektive und flexible L\u00f6sungen anbieten.<\/p>\n<p>[\/vc_column_text][\/vc_column][vc_column width=&#8220;1\/4&#8243; css=&#8220;.vc_custom_1742239992251{border-top-width: 1px !important;border-right-width: 1px !important;border-bottom-width: 1px !important;border-left-width: 1px !important;border-left-style: solid !important;border-right-style: solid !important;border-top-style: solid !important;border-bottom-style: solid !important;border-radius: 10px !important;border-color: #f1f1f1 !important;}&#8220;][vc_custom_heading text=&#8220;Zuverl\u00e4ssigkeit&#8220; font_container=&#8220;tag:h4|text_align:center|color:%23FDB71A&#8220; use_theme_fonts=&#8220;yes&#8220; css=&#8220;&#8220; el_class=&#8220;red-heading&#8220;][vc_column_text css=&#8220;&#8220; el_class=&#8220;dark-bottom&#8220;]<\/p>\n<p style=\"text-align: center;\">Wir entwickeln einen Namen als zuverl\u00e4ssiger Transportpartner.<\/p>\n<p>[\/vc_column_text][\/vc_column][\/vc_row][vc_row css_animation=&#8220;fadeInUp&#8220; css=&#8220;.vc_custom_1743958342843{margin-top: 50px !important;}&#8220;][vc_column][vc_custom_heading text=&#8220;Qualit\u00e4t&#8220; font_container=&#8220;tag:h3|text_align:left&#8220; use_theme_fonts=&#8220;yes&#8220; css=&#8220;.vc_custom_1755694544208{padding-bottom: 30px !important;}&#8220;][\/vc_column][\/vc_row][vc_row gap=&#8220;20&#8243; equal_height=&#8220;yes&#8220; content_placement=&#8220;top&#8220; css_animation=&#8220;fadeInUp&#8220;][vc_column width=&#8220;1\/3&#8243; css=&#8220;.vc_custom_1753014049236{border-top-width: 1px !important;border-right-width: 1px !important;border-bottom-width: 1px !important;border-left-width: 1px !important;background-color: #FDB71A !important;border-left-style: solid !important;border-right-style: solid !important;border-top-style: solid !important;border-bottom-style: solid !important;border-radius: 10px !important;border-color: #f1f1f1 !important;}&#8220;][vc_custom_heading text=&#8220;Regelm\u00e4\u00dfige \u00dcberpr\u00fcfungen&#8220; font_container=&#8220;tag:h4|text_align:center|color:%23ffffff&#8220; use_theme_fonts=&#8220;yes&#8220; css=&#8220;&#8220; el_class=&#8220;red-heading&#8220;][vc_column_text css=&#8220;&#8220; el_class=&#8220;white&#8220;]<\/p>\n<p style=\"text-align: center;\">Wir \u00fcberpr\u00fcfen regelm\u00e4\u00dfig unsere Fahrzeuge, um sicherzustellen, dass alle LKWs und die gesamte Ausr\u00fcstung in einwandfreiem Zustand sind. Dies umfasst die \u00dcberpr\u00fcfung von Bremsen, Reifen, Scheinwerfern und anderen wichtigen Komponenten.<\/p>\n<p>[\/vc_column_text][\/vc_column][vc_column width=&#8220;1\/3&#8243; css=&#8220;.vc_custom_1753014055932{border-top-width: 1px !important;border-right-width: 1px !important;border-bottom-width: 1px !important;border-left-width: 1px !important;background-color: #FDB71A !important;border-left-style: solid !important;border-right-style: solid !important;border-top-style: solid !important;border-bottom-style: solid !important;border-radius: 10px !important;border-color: #f1f1f1 !important;}&#8220;][vc_custom_heading text=&#8220;Mobil-Service&#8220; font_container=&#8220;tag:h4|text_align:center|color:%23ffffff&#8220; use_theme_fonts=&#8220;yes&#8220; css=&#8220;&#8220; el_class=&#8220;red-heading&#8220;][vc_column_text css=&#8220;&#8220; el_class=&#8220;white&#8220;]<\/p>\n<p style=\"text-align: center;\">Unser Mobil-Service in Deutschland bietet Ihnen umfassende, vor Ort durchgef\u00fchrte Wartungs- und Reparaturl\u00f6sungen f\u00fcr Ihren Fuhrpark.<\/p>\n<p>[\/vc_column_text][\/vc_column][vc_column width=&#8220;1\/3&#8243; css=&#8220;.vc_custom_1753014062538{border-top-width: 1px !important;border-right-width: 1px !important;border-bottom-width: 1px !important;border-left-width: 1px !important;background-color: #FDB71A !important;border-left-style: solid !important;border-right-style: solid !important;border-top-style: solid !important;border-bottom-style: solid !important;border-radius: 10px !important;border-color: #f1f1f1 !important;}&#8220;][vc_custom_heading text=&#8220;Pr\u00e4ventive Wartung&#8220; font_container=&#8220;tag:h4|text_align:center|color:%23ffffff&#8220; use_theme_fonts=&#8220;yes&#8220; css=&#8220;&#8220; el_class=&#8220;red-heading&#8220;][vc_column_text css=&#8220;&#8220; el_class=&#8220;white&#8220;]<\/p>\n<p style=\"text-align: center;\">Wir arbeiten nach einem pr\u00e4ventiven Wartungsplan, um m\u00f6gliche Probleme in der Zukunft zu vermeiden und das Unfallrisiko zu minimieren.<\/p>\n<p>[\/vc_column_text][\/vc_column][\/vc_row][vc_row full_width=&#8220;stretch_row&#8220; full_height=&#8220;yes&#8220; content_placement=&#8220;middle&#8220; css_animation=&#8220;fadeInUp&#8220; bg_type=&#8220;image&#8220; parallax_style=&#8220;vcpb-vz-jquery&#8220; bg_image_new=&#8220;id^558|url^https:\/\/loadex.lt\/wp-content\/uploads\/2025\/07\/loadex_bg-1.jpg|caption^null|alt^null|title^loadex_bg|description^null&#8220; bg_image_repeat=&#8220;no-repeat&#8220; css=&#8220;.vc_custom_1753014072264{margin-top: 100px !important;margin-bottom: -70px !important;}&#8220;][vc_column width=&#8220;1\/6&#8243;][\/vc_column][vc_column width=&#8220;2\/3&#8243;][vc_custom_heading text=&#8220;Haben Sie Fragen, m\u00f6chten Sie mit uns zusammenarbeiten oder eine Transportanfrage stellen?&#8220; font_container=&#8220;tag:h3|text_align:center|color:%23ffffff&#8220; use_theme_fonts=&#8220;yes&#8220; css=&#8220;.vc_custom_1755694659033{padding-bottom: 30px !important;}&#8220;]<style type=\"text\/css\" data-type=\"the7_shortcodes-inline-css\">#default-btn-c95c756e71143514ceaf5583969809e7.ico-right-side > i {\n  margin-right: 0px;\n  margin-left: 8px;\n}\n#default-btn-c95c756e71143514ceaf5583969809e7 > i {\n  margin-right: 8px;\n}<\/style><div class=\"btn-align-center\"><a href=\"https:\/\/loadex.lt\/de\/kontakte\/\" class=\"default-btn-shortcode dt-btn dt-btn-l link-hover-off  vc_custom_1755694614122\" id=\"default-btn-c95c756e71143514ceaf5583969809e7\" title=\"Kontakte\"><span>Bitte kontaktieren Sie uns<\/span><\/a><\/div>[\/vc_column][vc_column width=&#8220;1\/6&#8243;][\/vc_column][\/vc_row]<\/p>\n<\/div>","protected":false},"excerpt":{"rendered":"<p>[vc_row gap=&#8220;30&#8243; equal_height=&#8220;yes&#8220;][vc_column css_animation=&#8220;fadeInLeft&#8220; width=&#8220;1\/2&#8243;][vc_custom_heading text=&#8220;Unsere Vision&#8220; font_container=&#8220;tag:h3|text_align:center|color:%23FDB71A&#8220; use_theme_fonts=&#8220;yes&#8220; css=&#8220;&#8220;][vc_separator css=&#8220;&#8220;][vc_column_text css=&#8220;&#8220;] Wir m\u00f6chten ein f\u00fchrendes Logistikunternehmen in Europa werden, das f\u00fcr Qualit\u00e4t, Innovation und langfristige Zusammenarbeit gesch\u00e4tzt wird. [\/vc_column_text][\/vc_column][vc_column css_animation=&#8220;fadeInRight&#8220; width=&#8220;1\/2&#8243;][vc_custom_heading text=&#8220;Unsere Mission&#8220; font_container=&#8220;tag:h3|text_align:center|color:%23FDB71A&#8220; use_theme_fonts=&#8220;yes&#8220; css=&#8220;&#8220;][vc_separator css=&#8220;&#8220;][vc_column_text css=&#8220;&#8220;] Bereitstellung sicherer, pr\u00e4ziser und zuverl\u00e4ssiger Logistikl\u00f6sungen in ganz Europa. [\/vc_column_text][\/vc_column][\/vc_row][vc_row gap=&#8220;30&#8243; equal_height=&#8220;yes&#8220; content_placement=&#8220;middle&#8220; css_animation=&#8220;none&#8220; el_class=&#8220;hero-mobile&#8220; css=&#8220;.vc_custom_1742235782653{margin-top:&hellip;<\/p>\n","protected":false},"author":1,"featured_media":0,"parent":0,"menu_order":0,"comment_status":"closed","ping_status":"closed","template":"","meta":{"footnotes":""},"class_list":["post-732","page","type-page","status-publish","hentry","description-off"],"yoast_head":"<!-- This site is optimized with the Yoast SEO plugin v27.0 - https:\/\/yoast.com\/product\/yoast-seo-wordpress\/ -->\n<title>\u00dcber uns - Loadex<\/title>\n<meta name=\"robots\" content=\"index, follow, max-snippet:-1, max-image-preview:large, max-video-preview:-1\" \/>\n<link rel=\"canonical\" href=\"https:\/\/loadex.lt\/apie-mus\/\" \/>\n<meta property=\"og:locale\" content=\"de_DE\" \/>\n<meta property=\"og:type\" content=\"article\" \/>\n<meta property=\"og:title\" content=\"\u00dcber uns - Loadex\" \/>\n<meta property=\"og:description\" content=\"[vc_row gap=&#8220;30&#8243; equal_height=&#8220;yes&#8220;][vc_column css_animation=&#8220;fadeInLeft&#8220; width=&#8220;1\/2&#8243;][vc_custom_heading text=&#8220;Unsere Vision&#8220; font_container=&#8220;tag:h3|text_align:center|color:%23FDB71A&#8220; use_theme_fonts=&#8220;yes&#8220; css=&#8220;&#8220;][vc_separator css=&#8220;&#8220;][vc_column_text css=&#8220;&#8220;] Wir m\u00f6chten ein f\u00fchrendes Logistikunternehmen in Europa werden, das f\u00fcr Qualit\u00e4t, Innovation und langfristige Zusammenarbeit gesch\u00e4tzt wird. [\/vc_column_text][\/vc_column][vc_column css_animation=&#8220;fadeInRight&#8220; width=&#8220;1\/2&#8243;][vc_custom_heading text=&#8220;Unsere Mission&#8220; font_container=&#8220;tag:h3|text_align:center|color:%23FDB71A&#8220; use_theme_fonts=&#8220;yes&#8220; css=&#8220;&#8220;][vc_separator css=&#8220;&#8220;][vc_column_text css=&#8220;&#8220;] Bereitstellung sicherer, pr\u00e4ziser und zuverl\u00e4ssiger Logistikl\u00f6sungen in ganz Europa. [\/vc_column_text][\/vc_column][\/vc_row][vc_row gap=&#8220;30&#8243; equal_height=&#8220;yes&#8220; content_placement=&#8220;middle&#8220; css_animation=&#8220;none&#8220; el_class=&#8220;hero-mobile&#8220; css=&#8220;.vc_custom_1742235782653{margin-top:&hellip;\" \/>\n<meta property=\"og:url\" content=\"https:\/\/loadex.lt\/apie-mus\/\" \/>\n<meta property=\"og:site_name\" content=\"Loadex\" \/>\n<meta property=\"article:modified_time\" content=\"2025-08-20T12:57:41+00:00\" \/>\n<meta property=\"og:image\" content=\"https:\/\/loadex.lt\/wp-content\/uploads\/2025\/08\/1.jpg\" \/>\n\t<meta property=\"og:image:width\" content=\"2500\" \/>\n\t<meta property=\"og:image:height\" content=\"1875\" \/>\n\t<meta property=\"og:image:type\" content=\"image\/jpeg\" \/>\n<meta name=\"twitter:card\" content=\"summary_large_image\" \/>\n<meta name=\"twitter:label1\" content=\"Gesch\u00e4tzte Lesezeit\" \/>\n\t<meta name=\"twitter:data1\" content=\"4\u00a0Minuten\" \/>\n<script type=\"application\/ld+json\" class=\"yoast-schema-graph\">{\"@context\":\"https:\/\/schema.org\",\"@graph\":[{\"@type\":\"WebPage\",\"@id\":\"https:\/\/loadex.lt\/apie-mus\/\",\"url\":\"https:\/\/loadex.lt\/apie-mus\/\",\"name\":\"\u00dcber uns - Loadex\",\"isPartOf\":{\"@id\":\"https:\/\/loadex.lt\/#website\"},\"datePublished\":\"2024-02-28T21:28:23+00:00\",\"dateModified\":\"2025-08-20T12:57:41+00:00\",\"breadcrumb\":{\"@id\":\"https:\/\/loadex.lt\/apie-mus\/#breadcrumb\"},\"inLanguage\":\"de\",\"potentialAction\":[{\"@type\":\"ReadAction\",\"target\":[\"https:\/\/loadex.lt\/apie-mus\/\"]}]},{\"@type\":\"BreadcrumbList\",\"@id\":\"https:\/\/loadex.lt\/apie-mus\/#breadcrumb\",\"itemListElement\":[{\"@type\":\"ListItem\",\"position\":1,\"name\":\"Home\",\"item\":\"https:\/\/loadex.lt\/de\/\"},{\"@type\":\"ListItem\",\"position\":2,\"name\":\"\u00dcber uns\"}]},{\"@type\":\"WebSite\",\"@id\":\"https:\/\/loadex.lt\/#website\",\"url\":\"https:\/\/loadex.lt\/\",\"name\":\"TOP AUTO Logistik\",\"description\":\"\",\"publisher\":{\"@id\":\"https:\/\/loadex.lt\/#organization\"},\"potentialAction\":[{\"@type\":\"SearchAction\",\"target\":{\"@type\":\"EntryPoint\",\"urlTemplate\":\"https:\/\/loadex.lt\/?s={search_term_string}\"},\"query-input\":{\"@type\":\"PropertyValueSpecification\",\"valueRequired\":true,\"valueName\":\"search_term_string\"}}],\"inLanguage\":\"de\"},{\"@type\":\"Organization\",\"@id\":\"https:\/\/loadex.lt\/#organization\",\"name\":\"TOP AUTO Logistik\",\"url\":\"https:\/\/loadex.lt\/\",\"logo\":{\"@type\":\"ImageObject\",\"inLanguage\":\"de\",\"@id\":\"https:\/\/loadex.lt\/#\/schema\/logo\/image\/\",\"url\":\"https:\/\/loadex.lt\/wp-content\/uploads\/2025\/05\/logo-colored.svg\",\"contentUrl\":\"https:\/\/loadex.lt\/wp-content\/uploads\/2025\/05\/logo-colored.svg\",\"width\":1,\"height\":1,\"caption\":\"TOP AUTO Logistik\"},\"image\":{\"@id\":\"https:\/\/loadex.lt\/#\/schema\/logo\/image\/\"}}]}<\/script>\n<!-- \/ Yoast SEO plugin. -->","yoast_head_json":{"title":"\u00dcber uns - Loadex","robots":{"index":"index","follow":"follow","max-snippet":"max-snippet:-1","max-image-preview":"max-image-preview:large","max-video-preview":"max-video-preview:-1"},"canonical":"https:\/\/loadex.lt\/apie-mus\/","og_locale":"de_DE","og_type":"article","og_title":"\u00dcber uns - Loadex","og_description":"[vc_row gap=&#8220;30&#8243; equal_height=&#8220;yes&#8220;][vc_column css_animation=&#8220;fadeInLeft&#8220; width=&#8220;1\/2&#8243;][vc_custom_heading text=&#8220;Unsere Vision&#8220; font_container=&#8220;tag:h3|text_align:center|color:%23FDB71A&#8220; use_theme_fonts=&#8220;yes&#8220; css=&#8220;&#8220;][vc_separator css=&#8220;&#8220;][vc_column_text css=&#8220;&#8220;] Wir m\u00f6chten ein f\u00fchrendes Logistikunternehmen in Europa werden, das f\u00fcr Qualit\u00e4t, Innovation und langfristige Zusammenarbeit gesch\u00e4tzt wird. [\/vc_column_text][\/vc_column][vc_column css_animation=&#8220;fadeInRight&#8220; width=&#8220;1\/2&#8243;][vc_custom_heading text=&#8220;Unsere Mission&#8220; font_container=&#8220;tag:h3|text_align:center|color:%23FDB71A&#8220; use_theme_fonts=&#8220;yes&#8220; css=&#8220;&#8220;][vc_separator css=&#8220;&#8220;][vc_column_text css=&#8220;&#8220;] Bereitstellung sicherer, pr\u00e4ziser und zuverl\u00e4ssiger Logistikl\u00f6sungen in ganz Europa. [\/vc_column_text][\/vc_column][\/vc_row][vc_row gap=&#8220;30&#8243; equal_height=&#8220;yes&#8220; content_placement=&#8220;middle&#8220; css_animation=&#8220;none&#8220; el_class=&#8220;hero-mobile&#8220; css=&#8220;.vc_custom_1742235782653{margin-top:&hellip;","og_url":"https:\/\/loadex.lt\/apie-mus\/","og_site_name":"Loadex","article_modified_time":"2025-08-20T12:57:41+00:00","og_image":[{"width":2500,"height":1875,"url":"https:\/\/loadex.lt\/wp-content\/uploads\/2025\/08\/1.jpg","type":"image\/jpeg"}],"twitter_card":"summary_large_image","twitter_misc":{"Gesch\u00e4tzte Lesezeit":"4\u00a0Minuten"},"schema":{"@context":"https:\/\/schema.org","@graph":[{"@type":"WebPage","@id":"https:\/\/loadex.lt\/apie-mus\/","url":"https:\/\/loadex.lt\/apie-mus\/","name":"\u00dcber uns - Loadex","isPartOf":{"@id":"https:\/\/loadex.lt\/#website"},"datePublished":"2024-02-28T21:28:23+00:00","dateModified":"2025-08-20T12:57:41+00:00","breadcrumb":{"@id":"https:\/\/loadex.lt\/apie-mus\/#breadcrumb"},"inLanguage":"de","potentialAction":[{"@type":"ReadAction","target":["https:\/\/loadex.lt\/apie-mus\/"]}]},{"@type":"BreadcrumbList","@id":"https:\/\/loadex.lt\/apie-mus\/#breadcrumb","itemListElement":[{"@type":"ListItem","position":1,"name":"Home","item":"https:\/\/loadex.lt\/de\/"},{"@type":"ListItem","position":2,"name":"\u00dcber uns"}]},{"@type":"WebSite","@id":"https:\/\/loadex.lt\/#website","url":"https:\/\/loadex.lt\/","name":"TOP AUTO Logistik","description":"","publisher":{"@id":"https:\/\/loadex.lt\/#organization"},"potentialAction":[{"@type":"SearchAction","target":{"@type":"EntryPoint","urlTemplate":"https:\/\/loadex.lt\/?s={search_term_string}"},"query-input":{"@type":"PropertyValueSpecification","valueRequired":true,"valueName":"search_term_string"}}],"inLanguage":"de"},{"@type":"Organization","@id":"https:\/\/loadex.lt\/#organization","name":"TOP AUTO Logistik","url":"https:\/\/loadex.lt\/","logo":{"@type":"ImageObject","inLanguage":"de","@id":"https:\/\/loadex.lt\/#\/schema\/logo\/image\/","url":"https:\/\/loadex.lt\/wp-content\/uploads\/2025\/05\/logo-colored.svg","contentUrl":"https:\/\/loadex.lt\/wp-content\/uploads\/2025\/05\/logo-colored.svg","width":1,"height":1,"caption":"TOP AUTO Logistik"},"image":{"@id":"https:\/\/loadex.lt\/#\/schema\/logo\/image\/"}}]}},"_links":{"self":[{"href":"https:\/\/loadex.lt\/de\/wp-json\/wp\/v2\/pages\/732","targetHints":{"allow":["GET"]}}],"collection":[{"href":"https:\/\/loadex.lt\/de\/wp-json\/wp\/v2\/pages"}],"about":[{"href":"https:\/\/loadex.lt\/de\/wp-json\/wp\/v2\/types\/page"}],"author":[{"embeddable":true,"href":"https:\/\/loadex.lt\/de\/wp-json\/wp\/v2\/users\/1"}],"replies":[{"embeddable":true,"href":"https:\/\/loadex.lt\/de\/wp-json\/wp\/v2\/comments?post=732"}],"version-history":[{"count":4,"href":"https:\/\/loadex.lt\/de\/wp-json\/wp\/v2\/pages\/732\/revisions"}],"predecessor-version":[{"id":775,"href":"https:\/\/loadex.lt\/de\/wp-json\/wp\/v2\/pages\/732\/revisions\/775"}],"wp:attachment":[{"href":"https:\/\/loadex.lt\/de\/wp-json\/wp\/v2\/media?parent=732"}],"curies":[{"name":"wp","href":"https:\/\/api.w.org\/{rel}","templated":true}]}}