{"id":717,"date":"2024-02-27T21:01:58","date_gmt":"2024-02-27T21:01:58","guid":{"rendered":"https:\/\/loadex.lt\/?page_id=717"},"modified":"2025-08-20T12:22:11","modified_gmt":"2025-08-20T12:22:11","slug":"privacy-policy","status":"publish","type":"page","link":"https:\/\/loadex.lt\/en\/privacy-policy\/","title":{"rendered":"Privacy policy"},"content":{"rendered":"\n<p><strong>1. Data Controller<\/strong><br>The data controller is:<br><strong>Loadex UAB<\/strong><br>Address: Auk\u0161tai\u010di\u0173 g. 4, LT-28216 Utena, Lithuania<br>Email:&nbsp;<a>info@loadex.lt<\/a><\/p>\n\n\n\n<p><strong>2. What personal data we collect<\/strong><br>Through the contact form on our website, we only collect:<\/p>\n\n\n\n<ul class=\"wp-block-list\">\n<li>Name<\/li>\n\n\n\n<li>Experience<\/li>\n\n\n\n<li>Phone number<\/li>\n\n\n\n<li>Email address<\/li>\n<\/ul>\n\n\n\n<p><strong>3. Purpose of data use<\/strong><br>We use your data solely for:<\/p>\n\n\n\n<ul class=\"wp-block-list\">\n<li>Contacting you regarding job opportunities at our company<\/li>\n\n\n\n<li>Evaluating your provided information for recruitment purposes<\/li>\n<\/ul>\n\n\n\n<p><strong>4. Legal basis<\/strong><br>Your data is processed based on your consent (Art. 6(1)(a) GDPR).<\/p>\n\n\n\n<p><strong>5. Data retention period<\/strong><br>Personal data is stored for no longer than 6 months from the date of receipt, unless a longer retention is required by law or ongoing recruitment processes.<\/p>\n\n\n\n<p><strong>6. Data sharing<\/strong><br>Your data is not shared with third parties, except as required by law or if processed on our behalf by service providers under strict confidentiality and security obligations.<\/p>\n\n\n\n<p><strong>7. Your rights<\/strong><br>Under GDPR, you have the right to:<\/p>\n\n\n\n<ul class=\"wp-block-list\">\n<li>Access your personal data<\/li>\n\n\n\n<li>Request correction or deletion<\/li>\n\n\n\n<li>Restrict or object to processing<\/li>\n\n\n\n<li>Withdraw consent at any time (without affecting prior lawful processing)<\/li>\n\n\n\n<li>File a complaint with a supervisory authority<\/li>\n<\/ul>\n\n\n\n<p><strong>8. Contact<\/strong><br>If you have questions about this privacy policy or the processing of your personal data, please contact us at:&nbsp;<a>info@loadex.lt<\/a><\/p>\n","protected":false},"excerpt":{"rendered":"<p>1. Data ControllerThe data controller is:Loadex UABAddress: Auk\u0161tai\u010di\u0173 g. 4, LT-28216 Utena, LithuaniaEmail:&nbsp;info@loadex.lt 2. What personal data we collectThrough the contact form on our website, we only collect: 3. Purpose of data useWe use your data solely for: 4. Legal basisYour data is processed based on your consent (Art. 6(1)(a) GDPR). 5. Data retention periodPersonal&hellip;<\/p>\n","protected":false},"author":1,"featured_media":0,"parent":0,"menu_order":0,"comment_status":"closed","ping_status":"closed","template":"","meta":{"footnotes":""},"class_list":["post-717","page","type-page","status-publish","hentry","description-off"],"yoast_head":"<!-- This site is optimized with the Yoast SEO plugin v27.0 - https:\/\/yoast.com\/product\/yoast-seo-wordpress\/ -->\n<title>Privacy policy - Loadex<\/title>\n<meta name=\"robots\" content=\"index, follow, max-snippet:-1, max-image-preview:large, max-video-preview:-1\" \/>\n<link rel=\"canonical\" href=\"https:\/\/loadex.lt\/privatumo-politika\/\" \/>\n<meta property=\"og:locale\" content=\"en_US\" \/>\n<meta property=\"og:type\" content=\"article\" \/>\n<meta property=\"og:title\" content=\"Privacy policy - Loadex\" \/>\n<meta property=\"og:description\" content=\"1. Data ControllerThe data controller is:Loadex UABAddress: Auk\u0161tai\u010di\u0173 g. 4, LT-28216 Utena, LithuaniaEmail:&nbsp;info@loadex.lt 2. What personal data we collectThrough the contact form on our website, we only collect: 3. Purpose of data useWe use your data solely for: 4. Legal basisYour data is processed based on your consent (Art. 6(1)(a) GDPR). 5. Data retention periodPersonal&hellip;\" \/>\n<meta property=\"og:url\" content=\"https:\/\/loadex.lt\/privatumo-politika\/\" \/>\n<meta property=\"og:site_name\" content=\"Loadex\" \/>\n<meta property=\"article:modified_time\" content=\"2025-08-20T12:22:11+00:00\" \/>\n<meta property=\"og:image\" content=\"https:\/\/loadex.lt\/wp-content\/uploads\/2025\/08\/1.jpg\" \/>\n\t<meta property=\"og:image:width\" content=\"2500\" \/>\n\t<meta property=\"og:image:height\" content=\"1875\" \/>\n\t<meta property=\"og:image:type\" content=\"image\/jpeg\" \/>\n<meta name=\"twitter:card\" content=\"summary_large_image\" \/>\n<meta name=\"twitter:label1\" content=\"Est. reading time\" \/>\n\t<meta name=\"twitter:data1\" content=\"1 minute\" \/>\n<script type=\"application\/ld+json\" class=\"yoast-schema-graph\">{\"@context\":\"https:\/\/schema.org\",\"@graph\":[{\"@type\":\"WebPage\",\"@id\":\"https:\/\/loadex.lt\/privatumo-politika\/\",\"url\":\"https:\/\/loadex.lt\/privatumo-politika\/\",\"name\":\"Privacy policy - Loadex\",\"isPartOf\":{\"@id\":\"https:\/\/loadex.lt\/#website\"},\"datePublished\":\"2024-02-27T21:01:58+00:00\",\"dateModified\":\"2025-08-20T12:22:11+00:00\",\"breadcrumb\":{\"@id\":\"https:\/\/loadex.lt\/privatumo-politika\/#breadcrumb\"},\"inLanguage\":\"en-US\",\"potentialAction\":[{\"@type\":\"ReadAction\",\"target\":[\"https:\/\/loadex.lt\/privatumo-politika\/\"]}]},{\"@type\":\"BreadcrumbList\",\"@id\":\"https:\/\/loadex.lt\/privatumo-politika\/#breadcrumb\",\"itemListElement\":[{\"@type\":\"ListItem\",\"position\":1,\"name\":\"Home\",\"item\":\"https:\/\/loadex.lt\/en\/\"},{\"@type\":\"ListItem\",\"position\":2,\"name\":\"Privacy policy\"}]},{\"@type\":\"WebSite\",\"@id\":\"https:\/\/loadex.lt\/#website\",\"url\":\"https:\/\/loadex.lt\/\",\"name\":\"TOP AUTO Logistik\",\"description\":\"\",\"publisher\":{\"@id\":\"https:\/\/loadex.lt\/#organization\"},\"potentialAction\":[{\"@type\":\"SearchAction\",\"target\":{\"@type\":\"EntryPoint\",\"urlTemplate\":\"https:\/\/loadex.lt\/?s={search_term_string}\"},\"query-input\":{\"@type\":\"PropertyValueSpecification\",\"valueRequired\":true,\"valueName\":\"search_term_string\"}}],\"inLanguage\":\"en-US\"},{\"@type\":\"Organization\",\"@id\":\"https:\/\/loadex.lt\/#organization\",\"name\":\"TOP AUTO Logistik\",\"url\":\"https:\/\/loadex.lt\/\",\"logo\":{\"@type\":\"ImageObject\",\"inLanguage\":\"en-US\",\"@id\":\"https:\/\/loadex.lt\/#\/schema\/logo\/image\/\",\"url\":\"https:\/\/loadex.lt\/wp-content\/uploads\/2025\/05\/logo-colored.svg\",\"contentUrl\":\"https:\/\/loadex.lt\/wp-content\/uploads\/2025\/05\/logo-colored.svg\",\"width\":1,\"height\":1,\"caption\":\"TOP AUTO Logistik\"},\"image\":{\"@id\":\"https:\/\/loadex.lt\/#\/schema\/logo\/image\/\"}}]}<\/script>\n<!-- \/ Yoast SEO plugin. -->","yoast_head_json":{"title":"Privacy policy - Loadex","robots":{"index":"index","follow":"follow","max-snippet":"max-snippet:-1","max-image-preview":"max-image-preview:large","max-video-preview":"max-video-preview:-1"},"canonical":"https:\/\/loadex.lt\/privatumo-politika\/","og_locale":"en_US","og_type":"article","og_title":"Privacy policy - Loadex","og_description":"1. Data ControllerThe data controller is:Loadex UABAddress: Auk\u0161tai\u010di\u0173 g. 4, LT-28216 Utena, LithuaniaEmail:&nbsp;info@loadex.lt 2. What personal data we collectThrough the contact form on our website, we only collect: 3. Purpose of data useWe use your data solely for: 4. Legal basisYour data is processed based on your consent (Art. 6(1)(a) GDPR). 5. Data retention periodPersonal&hellip;","og_url":"https:\/\/loadex.lt\/privatumo-politika\/","og_site_name":"Loadex","article_modified_time":"2025-08-20T12:22:11+00:00","og_image":[{"width":2500,"height":1875,"url":"https:\/\/loadex.lt\/wp-content\/uploads\/2025\/08\/1.jpg","type":"image\/jpeg"}],"twitter_card":"summary_large_image","twitter_misc":{"Est. reading time":"1 minute"},"schema":{"@context":"https:\/\/schema.org","@graph":[{"@type":"WebPage","@id":"https:\/\/loadex.lt\/privatumo-politika\/","url":"https:\/\/loadex.lt\/privatumo-politika\/","name":"Privacy policy - Loadex","isPartOf":{"@id":"https:\/\/loadex.lt\/#website"},"datePublished":"2024-02-27T21:01:58+00:00","dateModified":"2025-08-20T12:22:11+00:00","breadcrumb":{"@id":"https:\/\/loadex.lt\/privatumo-politika\/#breadcrumb"},"inLanguage":"en-US","potentialAction":[{"@type":"ReadAction","target":["https:\/\/loadex.lt\/privatumo-politika\/"]}]},{"@type":"BreadcrumbList","@id":"https:\/\/loadex.lt\/privatumo-politika\/#breadcrumb","itemListElement":[{"@type":"ListItem","position":1,"name":"Home","item":"https:\/\/loadex.lt\/en\/"},{"@type":"ListItem","position":2,"name":"Privacy policy"}]},{"@type":"WebSite","@id":"https:\/\/loadex.lt\/#website","url":"https:\/\/loadex.lt\/","name":"TOP AUTO Logistik","description":"","publisher":{"@id":"https:\/\/loadex.lt\/#organization"},"potentialAction":[{"@type":"SearchAction","target":{"@type":"EntryPoint","urlTemplate":"https:\/\/loadex.lt\/?s={search_term_string}"},"query-input":{"@type":"PropertyValueSpecification","valueRequired":true,"valueName":"search_term_string"}}],"inLanguage":"en-US"},{"@type":"Organization","@id":"https:\/\/loadex.lt\/#organization","name":"TOP AUTO Logistik","url":"https:\/\/loadex.lt\/","logo":{"@type":"ImageObject","inLanguage":"en-US","@id":"https:\/\/loadex.lt\/#\/schema\/logo\/image\/","url":"https:\/\/loadex.lt\/wp-content\/uploads\/2025\/05\/logo-colored.svg","contentUrl":"https:\/\/loadex.lt\/wp-content\/uploads\/2025\/05\/logo-colored.svg","width":1,"height":1,"caption":"TOP AUTO Logistik"},"image":{"@id":"https:\/\/loadex.lt\/#\/schema\/logo\/image\/"}}]}},"_links":{"self":[{"href":"https:\/\/loadex.lt\/en\/wp-json\/wp\/v2\/pages\/717","targetHints":{"allow":["GET"]}}],"collection":[{"href":"https:\/\/loadex.lt\/en\/wp-json\/wp\/v2\/pages"}],"about":[{"href":"https:\/\/loadex.lt\/en\/wp-json\/wp\/v2\/types\/page"}],"author":[{"embeddable":true,"href":"https:\/\/loadex.lt\/en\/wp-json\/wp\/v2\/users\/1"}],"replies":[{"embeddable":true,"href":"https:\/\/loadex.lt\/en\/wp-json\/wp\/v2\/comments?post=717"}],"version-history":[{"count":2,"href":"https:\/\/loadex.lt\/en\/wp-json\/wp\/v2\/pages\/717\/revisions"}],"predecessor-version":[{"id":761,"href":"https:\/\/loadex.lt\/en\/wp-json\/wp\/v2\/pages\/717\/revisions\/761"}],"wp:attachment":[{"href":"https:\/\/loadex.lt\/en\/wp-json\/wp\/v2\/media?parent=717"}],"curies":[{"name":"wp","href":"https:\/\/api.w.org\/{rel}","templated":true}]}}